{"id":7053,"date":"2019-05-28T15:59:59","date_gmt":"2019-05-28T13:59:59","guid":{"rendered":"http:\/\/navy.ravendt.net\/?page_id=7053"},"modified":"2019-05-28T15:59:59","modified_gmt":"2019-05-28T13:59:59","slug":"acces-aux-donnees-personnelles","status":"publish","type":"page","link":"https:\/\/port-navyservice.com\/en\/acces-aux-donnees-personnelles\/","title":{"rendered":"Access to personal data"},"content":{"rendered":"<p>[vc_row][vc_column width=\u00a0\u00bb1\/2&Prime;][vc_custom_heading text=\u00a0\u00bbVOS DROITS\u00a0\u00bb font_container=\u00a0\u00bbtag:h1|text_align:left\u00a0\u00bb use_theme_fonts=\u00a0\u00bbyes\u00a0\u00bb][vc_column_text]Conform\u00e9ment \u00e0 la loi informatique et libert\u00e9s du 6 janvier 1978 modifi\u00e9e, et au R\u00e8glement G\u00e9n\u00e9ral pour la Protection des Donn\u00e9es du 27 avril 2016, vous pouvez demander l\u2019acc\u00e8s, la rectification, l\u2019effacement ou la portabilit\u00e9 de vos donn\u00e9es, d\u00e9finir des directives relatives \u00e0 leur sort apr\u00e8s votre d\u00e9c\u00e8s, choisir d\u2019en limiter l\u2019usage ou vous opposer \u00e0 leur traitement.<\/p>\n<p>Si vous avez donn\u00e9 une autorisation pour l\u2019utilisation de certaines de vos donn\u00e9es, vous pouvez la retirer \u00e0 tout moment sous r\u00e9serve qu\u2019il ne s\u2019agisse pas d\u2019informations qui conditionnent l\u2019application de votre contrat.<\/p>\n<p>&nbsp;<\/p>\n<p>Pour cela, vous pouvez nous adresser un e-mail en remplissant le formulaire ci-contre. Une copie d\u2019un justificatif d\u2019identit\u00e9 (carte d\u2019identit\u00e9 ou passeport) devra \u00eatre jointe \u00e0 votre demande.<br \/>\nNous vous remercions de votre sollicitation. Si votre demande concerne l\u2019exercice d\u2019un droit relatif \u00e0 la protection de vos donn\u00e9es personnelles. Vous aurez une r\u00e9ponse dans un d\u00e9lai d\u20191 mois suivant votre demande. Ce d\u00e9lai peut \u00eatre prolong\u00e9 de 2 mois, selon la complexit\u00e9 et le nombre de demandes.<\/p>\n<p>&nbsp;<\/p>\n<p>Les informations recueillies dans ce formulaire sont n\u00e9cessaires pour la gestion des demandes de droits des personnes en mati\u00e8re de protection de leurs donn\u00e9es personnelles. Elles sont conserv\u00e9es le temps n\u00e9cessaire au traitement de la demande. La copie de votre pi\u00e8ce d\u2019identit\u00e9 est conserv\u00e9e pendant 1 an.[\/vc_column_text][\/vc_column][vc_column width=\u00a0\u00bb1\/2&Prime;]\n<div class=\"wpcf7 no-js\" id=\"wpcf7-f7061-o1\" lang=\"fr-FR\" dir=\"ltr\" data-wpcf7-id=\"7061\">\n<div class=\"screen-reader-response\"><p role=\"status\" aria-live=\"polite\" aria-atomic=\"true\"><\/p> <ul><\/ul><\/div>\n<form action=\"\/en\/wp-json\/wp\/v2\/pages\/7053#wpcf7-f7061-o1\" method=\"post\" class=\"wpcf7-form init\" aria-label=\"Formulaire de contact\" enctype=\"multipart\/form-data\" novalidate=\"novalidate\" data-status=\"init\">\n<fieldset class=\"hidden-fields-container\"><input type=\"hidden\" name=\"_wpcf7\" value=\"7061\" \/><input type=\"hidden\" name=\"_wpcf7_version\" value=\"6.1.5\" \/><input type=\"hidden\" name=\"_wpcf7_locale\" value=\"fr_FR\" \/><input type=\"hidden\" name=\"_wpcf7_unit_tag\" value=\"wpcf7-f7061-o1\" \/><input type=\"hidden\" name=\"_wpcf7_container_post\" value=\"0\" \/><input type=\"hidden\" name=\"_wpcf7_posted_data_hash\" value=\"\" \/>\n<\/fieldset>\n<p><label> Votre nom<span style=\"color: red\">*<\/span><br \/>\n<span class=\"wpcf7-form-control-wrap\" data-name=\"your-name\"><input size=\"80\" maxlength=\"400\" class=\"wpcf7-form-control wpcf7-text wpcf7-validates-as-required\" aria-required=\"true\" aria-invalid=\"false\" value=\"\" type=\"text\" name=\"your-name\" \/><\/span> <\/label>\n<\/p>\n<p><label>Votre email<span style=\"color: red\">*<\/span><br \/>\n<span class=\"wpcf7-form-control-wrap\" data-name=\"your-email\"><input size=\"80\" maxlength=\"400\" class=\"wpcf7-form-control wpcf7-email wpcf7-validates-as-required wpcf7-text wpcf7-validates-as-email\" aria-required=\"true\" aria-invalid=\"false\" value=\"\" type=\"email\" name=\"your-email\" \/><\/span> <\/label>\n<\/p>\n<p>Nous pouvons \u00eatre amen\u00e9s \u00e0 vous contacter par t\u00e9l\u00e9phone, merci de nous communiquer vos num\u00e9ros :\n<\/p>\n<p><label> T\u00e9l\u00e9phone portable<span style=\"color: red\">*<\/span><br \/>\n<span class=\"wpcf7-form-control-wrap\" data-name=\"tel-574\"><input size=\"80\" maxlength=\"400\" class=\"wpcf7-form-control wpcf7-tel wpcf7-validates-as-required wpcf7-text wpcf7-validates-as-tel\" aria-required=\"true\" aria-invalid=\"false\" value=\"\" type=\"tel\" name=\"tel-574\" \/><\/span><\/label>\n<\/p>\n<p><label>T\u00e9l\u00e9phone fixe<br \/>\n<span class=\"wpcf7-form-control-wrap\" data-name=\"tel-fixe\"><input size=\"80\" maxlength=\"400\" class=\"wpcf7-form-control wpcf7-tel wpcf7-text wpcf7-validates-as-tel\" aria-invalid=\"false\" value=\"\" type=\"tel\" name=\"tel-fixe\" \/><\/span><\/label>\n<\/p>\n<p><label>Votre demande concerne l\u2019exercice de l\u2019un des droits suivants ?<span style=\"color: red\">*<\/span><br \/>\n<span class=\"wpcf7-form-control-wrap\" data-name=\"menu-897\"><select class=\"wpcf7-form-control wpcf7-select wpcf7-validates-as-required\" aria-required=\"true\" aria-invalid=\"false\" size=\"80\" name=\"menu-897\"><option value=\"\">&#8212;Veuillez choisir une option&#8212;<\/option><option value=\"Acc\u00e8s \u00e0 vos donn\u00e9es personnelles\">Acc\u00e8s \u00e0 vos donn\u00e9es personnelles<\/option><option value=\"Rectification de vos donn\u00e9es personnelles (cas d\u2019erreur)\">Rectification de vos donn\u00e9es personnelles (cas d\u2019erreur)<\/option><option value=\"Effacement de vos donn\u00e9es personnelles (motif l\u00e9gitime)\">Effacement de vos donn\u00e9es personnelles (motif l\u00e9gitime)<\/option><option value=\"Limitation du traitement de vos donn\u00e9es personnelles (motif l\u00e9gitime)\">Limitation du traitement de vos donn\u00e9es personnelles (motif l\u00e9gitime)<\/option><option value=\"Portabilit\u00e9 des vos donn\u00e9es personnelles\">Portabilit\u00e9 des vos donn\u00e9es personnelles<\/option><\/select><\/span><\/label>\n<\/p>\n<p><label>Expliquez-nous de fa\u00e7on d\u00e9taill\u00e9e votre demande (indiquez-nous l\u2019adresse \u00e0 laquelle vous souhaitez recevoir notre r\u00e9ponse) :<span style=\"color: red\">*<\/span><br \/>\n<span class=\"wpcf7-form-control-wrap\" data-name=\"your-message\"><textarea cols=\"40\" rows=\"10\" maxlength=\"2000\" class=\"wpcf7-form-control wpcf7-textarea wpcf7-validates-as-required\" aria-required=\"true\" aria-invalid=\"false\" name=\"your-message\"><\/textarea><\/span><\/label>\n<\/p>\n<p>Vous devez imp\u00e9rativement joindre une copie d\u2019un justificatif d\u2019identit\u00e9 (carte d\u2019identit\u00e9 ou passeport), t\u00e9l\u00e9chargez-le ci-dessous. Formats autoris\u00e9s : jpg, gif, png, pdf, doc, docx\n<\/p>\n<p><label>Document joint : <span style=\"color: red\">*<\/span><span class=\"wpcf7-form-control-wrap\" data-name=\"file-784\"><input size=\"40\" class=\"wpcf7-form-control wpcf7-file wpcf7-validates-as-required\" accept=\".pdf,.jpg,.gif,.png,.doc,.docx\" aria-required=\"true\" aria-invalid=\"false\" type=\"file\" name=\"file-784\" \/><\/span><\/label>\n<\/p>\n<p><span class=\"wpcf7-form-control-wrap\" data-name=\"acceptance-541\"><span class=\"wpcf7-form-control wpcf7-acceptance\"><span class=\"wpcf7-list-item\"><label><input type=\"checkbox\" name=\"acceptance-541\" value=\"1\" aria-invalid=\"false\" \/><span class=\"wpcf7-list-item-label\">En soumettant ce formulaire, j'accepte que les informations saisies soient exploit\u00e9s <br\/> dans le cadre de ma demande.<span style=\"color: red\">*<\/span><\/span><\/label><\/span><\/span><\/span><br \/>\n<span class=\"wpcf7-form-control-wrap kc_captcha\" data-name=\"kc_captcha\"><span class=\"wpcf7-form-control wpcf7-radio\"><span class=\"captcha-image\" ><span class=\"cf7ic_instructions\">Veuillez prouver que vous \u00eates humain en s\u00e9lectionnant<span> la maison<\/span>.<\/span><label><input aria-label=\"1\" type=\"radio\" name=\"kc_captcha\" value=\"kc_human\" \/><svg aria-hidden=\"true\" role=\"img\" xmlns=\"http:\/\/www.w3.org\/2000\/svg\" viewBox=\"0 0 576 512\"><path fill=\"currentColor\" d=\"M488 313v143c0 13-11 24-24 24H348c-7 0-12-5-12-12V356c0-7-5-12-12-12h-72c-7 0-12 5-12 12v112c0 7-5 12-12 12H112c-13 0-24-11-24-24V313c0-4 2-7 4-10l188-154c5-4 11-4 16 0l188 154c2 3 4 6 4 10zm84-61l-84-69V44c0-6-5-12-12-12h-56c-7 0-12 6-12 12v73l-89-74a48 48 0 00-61 0L4 252c-5 4-5 12-1 17l25 31c5 5 12 5 17 1l235-193c5-4 11-4 16 0l235 193c5 5 13 4 17-1l25-31c4-6 4-13-1-17z\"\/><\/svg><\/label><label><input aria-label=\"2\" type=\"radio\" name=\"kc_captcha\" value=\"bot\" \/><svg aria-hidden=\"true\" role=\"img\" xmlns=\"http:\/\/www.w3.org\/2000\/svg\" viewBox=\"0 0 640 512\"><path fill=\"currentColor\" d=\"M192 384h192c53 0 96-43 96-96h32a128 128 0 000-256H120c-13 0-24 11-24 24v232c0 53 43 96 96 96zM512 96a64 64 0 010 128h-32V96h32zm48 384H48c-47 0-61-64-36-64h584c25 0 11 64-36 64z\"\/><\/svg><\/label><label><input aria-label=\"3\" type=\"radio\" name=\"kc_captcha\" value=\"bot\" \/><svg aria-hidden=\"true\" role=\"img\" xmlns=\"http:\/\/www.w3.org\/2000\/svg\" viewBox=\"0 0 512 512\"><path fill=\"currentColor\" d=\"M512 176a176 176 0 01-209 173l-24 27a24 24 0 01-18 8h-37v40c0 13-11 24-24 24h-40v40c0 13-11 24-24 24H24c-13 0-24-11-24-24v-78c0-6 3-13 7-17l162-162a176 176 0 11343-55zm-176-48a48 48 0 1096 0 48 48 0 00-96 0z\"\/><\/svg><\/label>\r\n    <\/span>\r\n    <span style=\"display:none\">\r\n        <input type=\"text\" name=\"kc_honeypot\">\r\n    <\/span><\/span><\/span><br \/>\n<input class=\"wpcf7-form-control wpcf7-submit has-spinner\" type=\"submit\" value=\"Envoyer\" \/>\n<\/p>\n<p>Pour connaitre et exercer vos droits, notamment de retrait de votre consentement \u00e0 l'utilisation des donn\u00e9es collect\u00e9es par ce formulaire, veillez consulter notre <a href=\"\/politique-de-confidentialite\" target=\"_blank\"> politique de confidentialit\u00e9.<\/a>\n<\/p><div class=\"fusion-alert alert custom alert-custom fusion-alert-center wpcf7-response-output awb-alert-native-link-color alert-dismissable awb-alert-close-boxed\" style=\"--awb-border-size:1px;--awb-border-top-left-radius:10px;--awb-border-top-right-radius:10px;--awb-border-bottom-left-radius:10px;--awb-border-bottom-right-radius:10px;\" role=\"alert\"><div class=\"fusion-alert-content-wrapper\"><span class=\"fusion-alert-content\"><\/span><\/div><button type=\"button\" class=\"close toggle-alert\" data-dismiss=\"alert\" aria-label=\"Close\">&times;<\/button><\/div>\n<\/form>\n<\/div>\n[\/vc_column][\/vc_row]<\/p>\n","protected":false},"excerpt":{"rendered":"<p>[vc_row][vc_column width=\u00a0\u00bb1\/2&Prime;][vc_custom_heading text=\u00a0\u00bbVOS DROITS\u00a0\u00bb font_container=\u00a0\u00bbtag:h1|text_align:left\u00a0\u00bb use_theme_fonts=\u00a0\u00bbyes\u00a0\u00bb][vc_column_text]Conform\u00e9ment \u00e0 la loi informatique  [&#8230;]<\/p>\n","protected":false},"author":6,"featured_media":0,"parent":0,"menu_order":0,"comment_status":"closed","ping_status":"closed","template":"","meta":{"footnotes":""},"class_list":["post-7053","page","type-page","status-publish","hentry"],"acf":[],"_links":{"self":[{"href":"https:\/\/port-navyservice.com\/en\/wp-json\/wp\/v2\/pages\/7053","targetHints":{"allow":["GET"]}}],"collection":[{"href":"https:\/\/port-navyservice.com\/en\/wp-json\/wp\/v2\/pages"}],"about":[{"href":"https:\/\/port-navyservice.com\/en\/wp-json\/wp\/v2\/types\/page"}],"author":[{"embeddable":true,"href":"https:\/\/port-navyservice.com\/en\/wp-json\/wp\/v2\/users\/6"}],"replies":[{"embeddable":true,"href":"https:\/\/port-navyservice.com\/en\/wp-json\/wp\/v2\/comments?post=7053"}],"version-history":[{"count":0,"href":"https:\/\/port-navyservice.com\/en\/wp-json\/wp\/v2\/pages\/7053\/revisions"}],"wp:attachment":[{"href":"https:\/\/port-navyservice.com\/en\/wp-json\/wp\/v2\/media?parent=7053"}],"curies":[{"name":"WP","href":"https:\/\/api.w.org\/{rel}","templated":true}]}}