{"id":5960,"date":"2019-05-14T19:12:45","date_gmt":"2019-05-14T17:12:45","guid":{"rendered":"http:\/\/navy.ravendt.net\/?page_id=5960"},"modified":"2019-05-14T19:12:45","modified_gmt":"2019-05-14T17:12:45","slug":"effectuer-une-reservation","status":"publish","type":"page","link":"https:\/\/port-navyservice.com\/en\/effectuer-une-reservation\/","title":{"rendered":"make a reservation"},"content":{"rendered":"<p>[vc_row css=\u00a0\u00bb.vc_custom_1640831638290{margin-top: 70px !important;margin-bottom: 50px !important;}\u00a0\u00bb][vc_column][vc_column_text el_class=\u00a0\u00bbbordertitlered\u00a0\u00bb]<\/p>\n<h1>Vous souhaitez r\u00e9server une place dans notre port \u00e0 sec ?<\/h1>\n<p>N\u2019h\u00e9sitez pas ! Contactez-nous ![\/vc_column_text]\n<div class=\"wpcf7 no-js\" id=\"wpcf7-f5956-o1\" lang=\"fr-FR\" dir=\"ltr\" data-wpcf7-id=\"5956\">\n<div class=\"screen-reader-response\"><p role=\"status\" aria-live=\"polite\" aria-atomic=\"true\"><\/p> <ul><\/ul><\/div>\n<form action=\"\/en\/wp-json\/wp\/v2\/pages\/5960#wpcf7-f5956-o1\" method=\"post\" class=\"wpcf7-form init\" aria-label=\"Formulaire de contact\" novalidate=\"novalidate\" data-status=\"init\">\n<fieldset class=\"hidden-fields-container\"><input type=\"hidden\" name=\"_wpcf7\" value=\"5956\" \/><input type=\"hidden\" name=\"_wpcf7_version\" value=\"6.1.5\" \/><input type=\"hidden\" name=\"_wpcf7_locale\" value=\"fr_FR\" \/><input type=\"hidden\" name=\"_wpcf7_unit_tag\" value=\"wpcf7-f5956-o1\" \/><input type=\"hidden\" name=\"_wpcf7_container_post\" value=\"0\" \/><input type=\"hidden\" name=\"_wpcf7_posted_data_hash\" value=\"\" \/>\n<\/fieldset>\n<div class=\"row\">\n\t<div class=\"col-md-12 col-sm-12\">\n\t\t<div class=\"row\">\n\t\t\t<div class=\"col-md-6 col-sm-6\">\n\t\t\t\t<div class=\"form-group\">\n\t\t\t\t\t<div class=\"contact-us-label\">\n\t\t\t\t\t\t<p>Votre Pr\u00e9nom*\n\t\t\t\t\t\t<\/p>\n\t\t\t\t\t<\/div>\n\t\t\t\t\t<p><span class=\"wpcf7-form-control-wrap\" data-name=\"prenom\"><input size=\"40\" maxlength=\"400\" class=\"wpcf7-form-control wpcf7-text wpcf7-validates-as-required\" aria-required=\"true\" aria-invalid=\"false\" value=\"\" type=\"text\" name=\"prenom\" \/><\/span>\n\t\t\t\t\t<\/p>\n\t\t\t\t<\/div>\n\t\t\t<\/div>\n\t\t\t<div class=\"col-md-6 col-sm-6\">\n\t\t\t\t<div class=\"form-group\">\n\t\t\t\t\t<div class=\"contact-us-label\">\n\t\t\t\t\t\t<p>Votre Nom*\n\t\t\t\t\t\t<\/p>\n\t\t\t\t\t<\/div>\n\t\t\t\t\t<p><span class=\"wpcf7-form-control-wrap\" data-name=\"your-name\"><input size=\"40\" maxlength=\"400\" class=\"wpcf7-form-control wpcf7-text wpcf7-validates-as-required\" aria-required=\"true\" aria-invalid=\"false\" value=\"\" type=\"text\" name=\"your-name\" \/><\/span>\n\t\t\t\t\t<\/p>\n\t\t\t\t<\/div>\n\t\t\t<\/div>\n\t\t<\/div>\n\t\t<div class=\"row\">\n\t\t\t<div class=\"col-md-6 col-sm-6\">\n\t\t\t\t<div class=\"form-group\">\n\t\t\t\t\t<div class=\"contact-us-label\">\n\t\t\t\t\t\t<p>Email*\n\t\t\t\t\t\t<\/p>\n\t\t\t\t\t<\/div>\n\t\t\t\t\t<p><span class=\"wpcf7-form-control-wrap\" data-name=\"your-email\"><input size=\"40\" maxlength=\"400\" class=\"wpcf7-form-control wpcf7-email wpcf7-validates-as-required wpcf7-text wpcf7-validates-as-email\" aria-required=\"true\" aria-invalid=\"false\" value=\"\" type=\"email\" name=\"your-email\" \/><\/span>\n\t\t\t\t\t<\/p>\n\t\t\t\t<\/div>\n\t\t\t<\/div>\n\t\t\t<div class=\"col-md-6 col-sm-6\">\n\t\t\t\t<div class=\"form-group\">\n\t\t\t\t\t<div class=\"contact-us-label\">\n\t\t\t\t\t\t<p>Votre num\u00e9ro de t\u00e9l\u00e9phone\n\t\t\t\t\t\t<\/p>\n\t\t\t\t\t<\/div>\n\t\t\t\t\t<p><span class=\"wpcf7-form-control-wrap\" data-name=\"tel-89\"><input size=\"40\" maxlength=\"400\" class=\"wpcf7-form-control wpcf7-tel wpcf7-text wpcf7-validates-as-tel\" aria-invalid=\"false\" value=\"\" type=\"tel\" name=\"tel-89\" \/><\/span>\n\t\t\t\t\t<\/p>\n\t\t\t\t<\/div>\n\t\t\t<\/div>\n\t\t<\/div>\n\t\t<div class=\"row\">\n\t\t\t<div class=\"col-md-6 col-sm-6\">\n\t\t\t\t<div class=\"form-group\">\n\t\t\t\t\t<div class=\"contact-us-label\">\n\t\t\t\t\t\t<p>Nom du bateau*\n\t\t\t\t\t\t<\/p>\n\t\t\t\t\t<\/div>\n\t\t\t\t\t<p><span class=\"wpcf7-form-control-wrap\" data-name=\"nom-bateau\"><input size=\"40\" maxlength=\"400\" class=\"wpcf7-form-control wpcf7-text wpcf7-validates-as-required\" aria-required=\"true\" aria-invalid=\"false\" value=\"\" type=\"text\" name=\"nom-bateau\" \/><\/span>\n\t\t\t\t\t<\/p>\n\t\t\t\t<\/div>\n\t\t\t<\/div>\n\t\t\t<div class=\"col-md-6 col-sm-6\">\n\t\t\t\t<div class=\"form-group\">\n\t\t\t\t\t<div class=\"contact-us-label\">\n\t\t\t\t\t\t<p>Type de bateau*\n\t\t\t\t\t\t<\/p>\n\t\t\t\t\t<\/div>\n\t\t\t\t\t<p><span class=\"wpcf7-form-control-wrap\" data-name=\"menu-type-bateaux\"><select class=\"wpcf7-form-control wpcf7-select wpcf7-validates-as-required\" aria-required=\"true\" aria-invalid=\"false\" name=\"menu-type-bateaux\"><option value=\"\">&#8212;Veuillez choisir une option&#8212;<\/option><option value=\"Voilier monocoque\">Voilier monocoque<\/option><option value=\"Catamaran multicoque\">Catamaran multicoque<\/option><option value=\"Trimaran multicoque\">Trimaran multicoque<\/option><option value=\"Bateau \u00e0 moteur\">Bateau \u00e0 moteur<\/option><\/select><\/span>\n\t\t\t\t\t<\/p>\n\t\t\t\t<\/div>\n\t\t\t<\/div>\n\t\t<\/div>\n\t\t<div class=\"row\">\n\t\t\t<div class=\"col-md-6 col-sm-6\">\n\t\t\t\t<div class=\"form-group\">\n\t\t\t\t\t<div class=\"contact-us-label\">\n\t\t\t\t\t\t<p>Tirant d'eau (M\u00e8tre)*\n\t\t\t\t\t\t<\/p>\n\t\t\t\t\t<\/div>\n\t\t\t\t\t<p><span class=\"wpcf7-form-control-wrap\" data-name=\"number-tirant\"><input class=\"wpcf7-form-control wpcf7-number wpcf7-validates-as-required wpcf7-validates-as-number\" aria-required=\"true\" aria-invalid=\"false\" value=\"\" type=\"number\" name=\"number-tirant\" \/><\/span>\n\t\t\t\t\t<\/p>\n\t\t\t\t<\/div>\n\t\t\t<\/div>\n\t\t\t<div class=\"col-md-6 col-sm-6\">\n\t\t\t\t<div class=\"form-group\">\n\t\t\t\t\t<div class=\"contact-us-label\">\n\t\t\t\t\t\t<p>Poids du bateau (kilogramme)*\n\t\t\t\t\t\t<\/p>\n\t\t\t\t\t<\/div>\n\t\t\t\t\t<p><span class=\"wpcf7-form-control-wrap\" data-name=\"number-poids\"><input class=\"wpcf7-form-control wpcf7-number wpcf7-validates-as-number\" aria-invalid=\"false\" value=\"\" type=\"number\" name=\"number-poids\" \/><\/span>\n\t\t\t\t\t<\/p>\n\t\t\t\t<\/div>\n\t\t\t<\/div>\n\t\t<\/div>\n\t\t<div class=\"row\">\n\t\t\t<div class=\"col-md-6 col-sm-6\">\n\t\t\t\t<div class=\"form-group\">\n\t\t\t\t\t<div class=\"contact-us-label\">\n\t\t\t\t\t\t<p>Longueur du bateau (M\u00e8tre)*\n\t\t\t\t\t\t<\/p>\n\t\t\t\t\t<\/div>\n\t\t\t\t\t<p><span class=\"wpcf7-form-control-wrap\" data-name=\"number-longueur\"><input class=\"wpcf7-form-control wpcf7-number wpcf7-validates-as-required wpcf7-validates-as-number\" aria-required=\"true\" aria-invalid=\"false\" value=\"\" type=\"number\" name=\"number-longueur\" \/><\/span>\n\t\t\t\t\t<\/p>\n\t\t\t\t<\/div>\n\t\t\t<\/div>\n\t\t\t<div class=\"col-md-6 col-sm-6\">\n\t\t\t\t<div class=\"form-group\">\n\t\t\t\t\t<div class=\"contact-us-label\">\n\t\t\t\t\t\t<p>Largeur du bateau (M\u00e8tre)\n\t\t\t\t\t\t<\/p>\n\t\t\t\t\t<\/div>\n\t\t\t\t\t<p><span class=\"wpcf7-form-control-wrap\" data-name=\"number-largeur\"><input class=\"wpcf7-form-control wpcf7-number wpcf7-validates-as-required wpcf7-validates-as-number\" aria-required=\"true\" aria-invalid=\"false\" value=\"\" type=\"number\" name=\"number-largeur\" \/><\/span>\n\t\t\t\t\t<\/p>\n\t\t\t\t<\/div>\n\t\t\t<\/div>\n\t\t<\/div>\n\t\t<div class=\"row\">\n\t\t\t<div class=\"col-md-6 col-sm-6\">\n\t\t\t\t<div class=\"form-group\">\n\t\t\t\t\t<div class=\"contact-us-label\">\n\t\t\t\t\t\t<p>Marque*\n\t\t\t\t\t\t<\/p>\n\t\t\t\t\t<\/div>\n\t\t\t\t\t<p><span class=\"wpcf7-form-control-wrap\" data-name=\"marque-bateau\"><input size=\"40\" maxlength=\"400\" class=\"wpcf7-form-control wpcf7-text wpcf7-validates-as-required\" aria-required=\"true\" aria-invalid=\"false\" value=\"\" type=\"text\" name=\"marque-bateau\" \/><\/span>\n\t\t\t\t\t<\/p>\n\t\t\t\t<\/div>\n\t\t\t<\/div>\n\t\t\t<div class=\"col-md-6 col-sm-6\">\n\t\t\t\t<div class=\"form-group\">\n\t\t\t\t\t<div class=\"contact-us-label\">\n\t\t\t\t\t\t<p>Modele*\n\t\t\t\t\t\t<\/p>\n\t\t\t\t\t<\/div>\n\t\t\t\t\t<p><span class=\"wpcf7-form-control-wrap\" data-name=\"model-bateau\"><input size=\"40\" maxlength=\"400\" class=\"wpcf7-form-control wpcf7-text wpcf7-validates-as-required\" aria-required=\"true\" aria-invalid=\"false\" value=\"\" type=\"text\" name=\"model-bateau\" \/><\/span>\n\t\t\t\t\t<\/p>\n\t\t\t\t<\/div>\n\t\t\t<\/div>\n\t\t<\/div>\n\t\t<div class=\"row\">\n\t\t\t<div class=\"col-md-6 col-sm-6\">\n\t\t\t\t<div class=\"form-group\">\n\t\t\t\t\t<div class=\"contact-us-label\">\n\t\t\t\t\t\t<p>Dur\u00e9e de stationnement (Mois)*\n\t\t\t\t\t\t<\/p>\n\t\t\t\t\t<\/div>\n\t\t\t\t\t<p><span class=\"wpcf7-form-control-wrap\" data-name=\"dureestat\"><input class=\"wpcf7-form-control wpcf7-number wpcf7-validates-as-number\" aria-invalid=\"false\" value=\"\" type=\"number\" name=\"dureestat\" \/><\/span>\n\t\t\t\t\t<\/p>\n\t\t\t\t<\/div>\n\t\t\t<\/div>\n\t\t\t<div class=\"col-md-6 col-sm-6\">\n\t\t\t\t<div class=\"form-group\">\n\t\t\t\t\t<div class=\"contact-us-label\">\n\t\t\t\t\t\t<p>Date d\u2019arriv\u00e9e envisag\u00e9e\n\t\t\t\t\t\t<\/p>\n\t\t\t\t\t<\/div>\n\t\t\t\t\t<p><span class=\"wpcf7-form-control-wrap\" data-name=\"date-367\"><input class=\"wpcf7-form-control wpcf7-date wpcf7-validates-as-date\" aria-invalid=\"false\" value=\"\" type=\"date\" name=\"date-367\" \/><\/span>\n\t\t\t\t\t<\/p>\n\t\t\t\t<\/div>\n\t\t\t<\/div>\n\t\t<\/div>\n\t\t<div class=\"row\">\n\t\t\t<div class=\"col-md-12 col-sm-12\">\n\t\t\t\t<div class=\"form-group\">\n\t\t\t\t\t<div class=\"contact-us-label\">\n\t\t\t\t\t\t<p>Votre message*\n\t\t\t\t\t\t<\/p>\n\t\t\t\t\t<\/div>\n\t\t\t\t\t<p><span class=\"wpcf7-form-control-wrap\" data-name=\"your-message\"><textarea cols=\"40\" rows=\"4\" maxlength=\"2000\" class=\"wpcf7-form-control wpcf7-textarea wpcf7-validates-as-required\" aria-required=\"true\" aria-invalid=\"false\" name=\"your-message\"><\/textarea><\/span>\n\t\t\t\t\t<\/p>\n\t\t\t\t<\/div>\n\t\t\t<\/div>\n\t\t\t<p><span class=\"wpcf7-form-control-wrap kc_captcha\" data-name=\"kc_captcha\"><span class=\"wpcf7-form-control wpcf7-radio\"><span class=\"captcha-image\" ><span class=\"cf7ic_instructions\">Veuillez prouver que vous \u00eates humain en s\u00e9lectionnant<span> l\u2019avion<\/span>.<\/span><label><input aria-label=\"1\" type=\"radio\" name=\"kc_captcha\" value=\"bot\" \/><svg aria-hidden=\"true\" role=\"img\" xmlns=\"http:\/\/www.w3.org\/2000\/svg\" viewBox=\"0 0 576 512\"><path fill=\"currentColor\" d=\"M415 24c-53 0-103 42-127 65-24-23-74-65-127-65C70 24 16 77 16 166c0 72 67 133 69 135l187 181c9 8 23 8 32 0l187-180c2-3 69-64 69-136 0-89-54-142-145-142z\"\/><\/svg><\/label><label><input aria-label=\"2\" type=\"radio\" name=\"kc_captcha\" value=\"bot\" \/><svg aria-hidden=\"true\" role=\"img\" xmlns=\"http:\/\/www.w3.org\/2000\/svg\" viewBox=\"0 0 512 512\"><path fill=\"currentColor\" d=\"M500 168h-55l-8-21a127 127 0 00-120-83H195a127 127 0 00-120 83l-8 21H12c-8 0-14 8-11 16l8 24a12 12 0 0011 8h29a64 64 0 00-33 56v48c0 16 6 31 16 42v62c0 13 11 24 24 24h48c13 0 24-11 24-24v-40h256v40c0 13 11 24 24 24h48c13 0 24-11 24-24v-62c10-11 16-26 16-42v-48c0-24-13-45-33-56h29a12 12 0 0011-8l8-24c3-8-3-16-11-16zm-365 2c9-25 33-42 60-42h122c27 0 51 17 60 42l15 38H120l15-38zM88 328a32 32 0 010-64c18 0 48 30 48 48s-30 16-48 16zm336 0c-18 0-48 2-48-16s30-48 48-48 32 14 32 32-14 32-32 32z\"\/><\/svg><\/label><label><input aria-label=\"3\" type=\"radio\" name=\"kc_captcha\" value=\"kc_human\" \/><svg aria-hidden=\"true\" role=\"img\" xmlns=\"http:\/\/www.w3.org\/2000\/svg\" viewBox=\"0 0 576 512\"><path fill=\"currentColor\" d=\"M472 200H360L256 6a12 12 0 00-10-6h-58c-8 0-14 7-12 15l34 185H100l-35-58a12 12 0 00-10-6H12c-8 0-13 7-12 14l21 106L0 362c-1 7 4 14 12 14h43c4 0 8-2 10-6l35-58h110l-34 185c-2 8 4 15 12 15h58a12 12 0 0010-6l104-194h112c57 0 104-25 104-56s-47-56-104-56z\"\/><\/svg><\/label>\r\n    <\/span>\r\n    <span style=\"display:none\">\r\n        <input type=\"text\" name=\"kc_honeypot\">\r\n    <\/span><\/span><\/span>\n\t\t\t<\/p>\n\t\t\t<p><span class=\"wpcf7-form-control-wrap\" data-name=\"acceptance-164\"><span class=\"wpcf7-form-control wpcf7-acceptance\"><span class=\"wpcf7-list-item\"><label><input type=\"checkbox\" name=\"acceptance-164\" value=\"1\" aria-invalid=\"false\" \/><span class=\"wpcf7-list-item-label\">En soumettant ce formulaire, j'accepte que les informations saisies soient exploit\u00e9s dans le cadre de la demande de devis et la relation commerciale qui peut en d\u00e9couler.<\/span><\/label><\/span><\/span><\/span>\n\t\t\t<\/p>\n\t\t\t<p><input class=\"wpcf7-form-control wpcf7-submit has-spinner\" type=\"submit\" value=\"Envoyer\" \/>\n\t\t\t<\/p>\n\t\t<\/div>\n\t\t<p class=\"forminfo\">Pour connaitre et exercer vos droits, notamment de retrait de votre consentement \u00e0 l'utilisation des donn\u00e9es collect\u00e9es par ce formulaire, veuillez consulter notre <a href=\"\/politique-de-confidentialite\"> politique de confidentialit\u00e9.<\/a>\n\t\t<\/p>\n\t<\/div>\n<\/div><div class=\"fusion-alert alert custom alert-custom fusion-alert-center wpcf7-response-output awb-alert-native-link-color alert-dismissable awb-alert-close-boxed\" style=\"--awb-border-size:1px;--awb-border-top-left-radius:10px;--awb-border-top-right-radius:10px;--awb-border-bottom-left-radius:10px;--awb-border-bottom-right-radius:10px;\" role=\"alert\"><div class=\"fusion-alert-content-wrapper\"><span class=\"fusion-alert-content\"><\/span><\/div><button type=\"button\" class=\"close toggle-alert\" data-dismiss=\"alert\" aria-label=\"Close\">&times;<\/button><\/div>\n<\/form>\n<\/div>\n[\/vc_column][\/vc_row]<\/p>\n","protected":false},"excerpt":{"rendered":"<p>[vc_row css=\u00a0\u00bb.vc_custom_1640831638290{margin-top: 70px !important;margin-bottom: 50px !important;}\u00a0\u00bb][vc_column][vc_column_text el_class=\u00a0\u00bbbordertitlered\u00a0\u00bb] Vous souhaitez r\u00e9server  [&#8230;]<\/p>\n","protected":false},"author":6,"featured_media":0,"parent":0,"menu_order":0,"comment_status":"closed","ping_status":"closed","template":"","meta":{"footnotes":""},"class_list":["post-5960","page","type-page","status-publish","hentry"],"acf":[],"_links":{"self":[{"href":"https:\/\/port-navyservice.com\/en\/wp-json\/wp\/v2\/pages\/5960","targetHints":{"allow":["GET"]}}],"collection":[{"href":"https:\/\/port-navyservice.com\/en\/wp-json\/wp\/v2\/pages"}],"about":[{"href":"https:\/\/port-navyservice.com\/en\/wp-json\/wp\/v2\/types\/page"}],"author":[{"embeddable":true,"href":"https:\/\/port-navyservice.com\/en\/wp-json\/wp\/v2\/users\/6"}],"replies":[{"embeddable":true,"href":"https:\/\/port-navyservice.com\/en\/wp-json\/wp\/v2\/comments?post=5960"}],"version-history":[{"count":0,"href":"https:\/\/port-navyservice.com\/en\/wp-json\/wp\/v2\/pages\/5960\/revisions"}],"wp:attachment":[{"href":"https:\/\/port-navyservice.com\/en\/wp-json\/wp\/v2\/media?parent=5960"}],"curies":[{"name":"WP","href":"https:\/\/api.w.org\/{rel}","templated":true}]}}