{"id":56247,"date":"2022-03-29T06:50:07","date_gmt":"2022-03-29T04:50:07","guid":{"rendered":"https:\/\/www.port-navyservice.com\/port-sec\/restaurant\/"},"modified":"2022-03-29T06:50:07","modified_gmt":"2022-03-29T04:50:07","slug":"restaurant-2","status":"publish","type":"page","link":"https:\/\/port-navyservice.com\/en\/restaurant-2\/","title":{"rendered":"restaurant"},"content":{"rendered":"<p>[vc_row full_width=\u00a0\u00bbstretch_row_content_no_spaces\u00a0\u00bb][vc_column][vc_single_image image=\u00a0\u00bb53261&Prime; img_size=\u00a0\u00bb2200&#215;460&Prime; alignment=\u00a0\u00bbcenter\u00a0\u00bb el_class=\u00a0\u00bbnoradius\u00a0\u00bb][\/vc_column][\/vc_row][vc_row gap=\u00a0\u00bb35&Prime; content_placement=\u00a0\u00bbmiddle\u00a0\u00bb css=\u00a0\u00bb.vc_custom_1647166753645{margin-bottom: 35px !important;}\u00a0\u00bb][vc_column width=\u00a0\u00bb3\/5&Prime; css=\u00a0\u00bb.vc_custom_1643860367086{padding-top: 35px !important;padding-right: 35px !important;padding-bottom: 35px !important;padding-left: 35px !important;background-color: #f4f5f6 !important;}\u00a0\u00bb][vc_column_text el_class=\u00a0\u00bbbordertitlered\u00a0\u00bb css=\u00a0\u00bb.vc_custom_1647166572882{margin-bottom: 0px !important;}\u00a0\u00bb]<\/p>\n<h1><span class=\"stm-base-color\">M\u00f6chten Sie vor Ort essen?<\/span><\/h1>\n<p>[\/vc_column_text][\/vc_column][vc_column width=\u00a0\u00bb2\/5&Prime; css=\u00a0\u00bb.vc_custom_1647166587074{margin-bottom: 0px !important;}\u00a0\u00bb][vc_column_text el_class=\u00a0\u00bbbordertitlered\u00a0\u00bb css=\u00a0\u00bb.vc_custom_1647272877972{margin-bottom: 0px !important;}\u00a0\u00bb]<\/p>\n<h2 style=\"text-align: left;\">Entdecken Sie unser Restaurant,<br \/>\nder Yachtclub<\/h2>\n<p style=\"text-align: justify; margin-bottom: 0;\">Port Navy Service, bietet Ihnen einen sehr sch\u00f6nen Ort vor Ort, um Sie in einer sehr angenehmen Umgebung zu erholen und zu erfrischen.<\/p>\n<p>[\/vc_column_text][\/vc_column][\/vc_row][vc_row gap=\u00a0\u00bb35&Prime; content_placement=\u00a0\u00bbmiddle\u00a0\u00bb][vc_column width=\u00a0\u00bb2\/5&Prime; css=\u00a0\u00bb.vc_custom_1446724718390{margin-bottom: 42px !important;}\u00a0\u00bb][vc_column_text el_class=\u00a0\u00bbbordertitlered\u00a0\u00bb]<\/p>\n<h2>Bar-Restaurant<\/h2>\n<p>Seit 2010 ist die Yacht Club Bar &amp; Das Restaurant hat sich einen Ruf als eines der besten kulinarischen Ziele der Region erworben. W\u00e4hrend der Hochsaison 6 Tage die Woche zum Fr\u00fchst\u00fcck, Mittag- und Abendessen ge\u00f6ffnet, kommen Sie und entdecken Sie, was uns besonders macht.<\/p>\n<p>Mit Blick auf die Ufer des Saint-Louis-Kanals bietet die Yacht Club Bar &amp; Das Restaurant bietet eine gem\u00fctliche Atmosph\u00e4re und bietet traditionelle franz\u00f6sische K\u00fcche mit modernem Touch sowie eine Bar mit innovativen Cocktails und exzellenten franz\u00f6sischen Weinen, um Ihnen und Ihrer Crew eine wohlverdiente Pause zu bieten.<\/p>\n<p>Ein freundliches und aufmerksames Personal serviert frische, saisonale und kreative Gerichte.<\/p>\n<p>Begleiten Sie Tony, den K\u00fcchenchef, auf eine kulinarische Reise, die durch eine vielf\u00e4ltige und dynamische Karrierek\u00fcche an Reisezielen auf der ganzen Welt akzentuiert wird. Romuald, der Manager und Experte f\u00fcr Cocktail-Mixing, hilft Ihnen dabei, sich mit seiner gekonnten und gef\u00fchlvollen Mischung aus klassischen und modernen Cocktails sowie seiner Auswahl an erlesenen lokalen Weinen abzuheben.<\/p>\n<p>Der Yacht Club von Port-Saint-Louis-du-Rh\u00f4ne ist der richtige Ort: <a href=\"https:\/\/www.restaurant-le-yacht-club.com\/\">buchen Sie jetzt!<\/a>[\/vc_column_text][\/vc_column][vc_column width=\u00a0\u00bb3\/5&Prime;][vc_media_grid element_width=\u00a0\u00bb6&Prime; grid_id=\u00a0\u00bbvc_gid:1647935642812-83cd76ad-f593-2&Prime; include=\u00a0\u00bb20599,20602&Prime;][\/vc_column][\/vc_row][vc_row gap=\u00a0\u00bb35&Prime; content_placement=\u00a0\u00bbmiddle\u00a0\u00bb css=\u00a0\u00bb.vc_custom_1644737914601{margin-bottom: 30px !important;}\u00a0\u00bb el_class=\u00a0\u00bbcol-rtl\u00a0\u00bb][vc_column width=\u00a0\u00bb3\/5&Prime; css=\u00a0\u00bb.vc_custom_1446724718390{margin-bottom: 42px !important;}\u00a0\u00bb][vc_media_grid element_width=\u00a0\u00bb6&Prime; grid_id=\u00a0\u00bbvc_gid:1647935642812-0da0c025-2ed3-1&Prime; include=\u00a0\u00bb20603,20605,20606,20608,20602,20599&Prime;][\/vc_column][vc_column width=\u00a0\u00bb2\/5&Prime;][vc_column_text el_class=\u00a0\u00bbbordertitlered\u00a0\u00bb]<\/p>\n<h2>Bar-Restaurant<\/h2>\n<p>Eine sch\u00f6ne franz\u00f6sische Weinkarte, eine Auswahl an gezapften Bieren, frische und hochwertige Produkte sorgen f\u00fcr gute Zeiten f\u00fcr Sie und Ihre Crew. Um Ihnen Geschmacksvariationen anbieten zu k\u00f6nnen, wird die Speisekarte regelm\u00e4\u00dfig aktualisiert.<\/p>\n<p>Alle Informationen finden Sie auf der Seite <a href=\"https:\/\/www.facebook.com\/RestaurantYachtClubPortSaintLouis\/\">Facebook<\/a> sowie auf <a href=\"https:\/\/www.tripadvisor.fr\/ Restaurant_Review -g3135579-d2723731-Reviews-Yacht_Club-Port_Saint_Louis_du_Rhone_Bouches_du_Rhone_Provence_Alpes_Cote_d_Azur.html\">Tripadvisor<\/a><\/p>\n<p>Website: <a href=\"http:\/\/www.restaurant-le-yacht-club.com\/\">www.restaurant-le-yacht-club.com<\/a><\/p>\n<p>Angrenzend an das B\u00fcro des Hafenmeisters haben die Nutzer direkten Zugang zum Yacht Club vom Hafen aus.<\/p>\n<p>F\u00fcr externe Besucher erfolgt der Zugang \u00fcber die Avenue de la premi\u00e8re division fran\u00e7aise libre (1\u00e8re D.F.L). Das Restaurant verf\u00fcgt \u00fcber einen eigenen Parkplatz f\u00fcr Ihre Fahrzeuge.<\/p>\n<p>F\u00fcr weitere Informationen oder Reservierungen:<\/p>\n<p style=\"text-align: center;\"><a href=\"tel:+33465290290\">04 65 29 02 90<\/a><\/p>\n<p>Diese Einrichtung erf\u00fcllt die Sicherheits- und Barrierefreiheitsstandards, eine breite Rampe f\u00fcr Personen mit eingeschr\u00e4nkter Mobilit\u00e4t, Toiletten, barrierefreie Zimmer und Terrassen.<\/p>\n<p style=\"text-align: center;\">Zeitpl\u00e4ne<br \/>\nMo: 09:00 &#8211; 15:00 \/ 19:00 &#8211; 23:00<br \/>\nDi: 09:00 &#8211; 15:00 \/ 19:00 &#8211; 23:00<br \/>\nMi: 09:00 &#8211; 15:00 \/ 19:00 &#8211; 23:00<br \/>\nDo: 09:00 &#8211; 15:00 \/ 19:00 &#8211; 23:00<br \/>\nFr: 09:00 &#8211; 15:00 \/ 19:00 &#8211; 23:00<br \/>\nSa: 19:00 &#8211; 23:00 Uhr<br \/>\nSo: Geschlossen<\/p>\n<p>[\/vc_column_text][\/vc_column][\/vc_row]<\/p>\n","protected":false},"excerpt":{"rendered":"<p>[vc_row full_width=\u00a0\u00bbstretch_row_content_no_spaces\u00a0\u00bb][vc_column][vc_single_image image=\u00a0\u00bb53261&Prime; img_size=\u00a0\u00bb2200&#215;460&Prime; alignment=\u00a0\u00bbcenter\u00a0\u00bb el_class=\u00a0\u00bbnoradius\u00a0\u00bb][\/vc_column][\/vc_row][vc_row gap=\u00a0\u00bb35&Prime; content_placement=\u00a0\u00bbmiddle\u00a0\u00bb css=\u00a0\u00bb.vc_custom_1647166753645{margin-bottom: 35px  [&#8230;]<\/p>\n","protected":false},"author":6,"featured_media":53134,"parent":0,"menu_order":0,"comment_status":"closed","ping_status":"closed","template":"","meta":{"footnotes":""},"class_list":["post-56247","page","type-page","status-publish","has-post-thumbnail","hentry"],"acf":[],"_links":{"self":[{"href":"https:\/\/port-navyservice.com\/en\/wp-json\/wp\/v2\/pages\/56247","targetHints":{"allow":["GET"]}}],"collection":[{"href":"https:\/\/port-navyservice.com\/en\/wp-json\/wp\/v2\/pages"}],"about":[{"href":"https:\/\/port-navyservice.com\/en\/wp-json\/wp\/v2\/types\/page"}],"author":[{"embeddable":true,"href":"https:\/\/port-navyservice.com\/en\/wp-json\/wp\/v2\/users\/6"}],"replies":[{"embeddable":true,"href":"https:\/\/port-navyservice.com\/en\/wp-json\/wp\/v2\/comments?post=56247"}],"version-history":[{"count":0,"href":"https:\/\/port-navyservice.com\/en\/wp-json\/wp\/v2\/pages\/56247\/revisions"}],"wp:featuredmedia":[{"embeddable":true,"href":"https:\/\/port-navyservice.com\/en\/wp-json\/"}],"wp:attachment":[{"href":"https:\/\/port-navyservice.com\/en\/wp-json\/wp\/v2\/media?parent=56247"}],"curies":[{"name":"WP","href":"https:\/\/api.w.org\/{rel}","templated":true}]}}