{"id":4914,"date":"2019-04-12T12:08:51","date_gmt":"2019-04-12T10:08:51","guid":{"rendered":"http:\/\/navy.ravendt.net\/?page_id=4914"},"modified":"2019-04-12T12:08:51","modified_gmt":"2019-04-12T10:08:51","slug":"soudure","status":"publish","type":"page","link":"https:\/\/port-navyservice.com\/en\/port-a-sec\/entreprises-port-sec\/soudure\/","title":{"rendered":"welding"},"content":{"rendered":"<p>[vc_row css=\u00a0\u00bb.vc_custom_1528117288417{margin-bottom: 30px !important;}\u00a0\u00bb][vc_column][vc_column_text css=\u00a0\u00bb.vc_custom_1557147656944{margin-bottom: 24px !important;}\u00a0\u00bb]<\/p>\n<h1><span class=\"stm-base-color\">Soudure<\/span><\/h1>\n<p>[\/vc_column_text][\/vc_column][\/vc_row][vc_row css=\u00a0\u00bb.vc_custom_1528446153920{margin-bottom: 30px !important;}\u00a0\u00bb][vc_column width=\u00a0\u00bb1\/4&Prime;][vc_single_image image=\u00a0\u00bb6134&Prime; img_size=\u00a0\u00bbfull\u00a0\u00bb][\/vc_column][vc_column width=\u00a0\u00bb3\/4&Prime;][vc_column_text]<\/p>\n<h2>W.B.S Yacht Service<\/h2>\n<p>Cette soci\u00e9t\u00e9 du groupe Global Nautic est en charge des projets de chaudronnerie et de sellerie. Gr\u00e2ce \u00e0 son outillage tr\u00e8s sp\u00e9cialis\u00e9 elle assure la conception et la r\u00e9alisation compl\u00e8te de portique inox avec panneaux solaires, capote de descente, bimini etc\u2026<\/p>\n<p><strong>R\u00e9gis WATTENBERG<\/strong><br \/>\nTel. +33 (0)6.07.22.42.62<br \/>\nMail : <a href=\"mailto:contact@wbsyachtservice.com\">contact@wbsyachtservice.com<\/a>[\/vc_column_text][\/vc_column][\/vc_row]<\/p>\n","protected":false},"excerpt":{"rendered":"<p>[vc_row css=\u00a0\u00bb.vc_custom_1528117288417{margin-bottom: 30px !important;}\u00a0\u00bb][vc_column][vc_column_text css=\u00a0\u00bb.vc_custom_1557147656944{margin-bottom: 24px !important;}\u00a0\u00bb] Soudure [\/vc_column_text][\/vc_column][\/vc_row][vc_row css=\u00a0\u00bb.vc_custom_1528446153920{margin-bottom:  [&#8230;]<\/p>\n","protected":false},"author":6,"featured_media":0,"parent":2297,"menu_order":0,"comment_status":"closed","ping_status":"closed","template":"","meta":{"footnotes":""},"class_list":["post-4914","page","type-page","status-publish","hentry"],"acf":[],"_links":{"self":[{"href":"https:\/\/port-navyservice.com\/en\/wp-json\/wp\/v2\/pages\/4914","targetHints":{"allow":["GET"]}}],"collection":[{"href":"https:\/\/port-navyservice.com\/en\/wp-json\/wp\/v2\/pages"}],"about":[{"href":"https:\/\/port-navyservice.com\/en\/wp-json\/wp\/v2\/types\/page"}],"author":[{"embeddable":true,"href":"https:\/\/port-navyservice.com\/en\/wp-json\/wp\/v2\/users\/6"}],"replies":[{"embeddable":true,"href":"https:\/\/port-navyservice.com\/en\/wp-json\/wp\/v2\/comments?post=4914"}],"version-history":[{"count":0,"href":"https:\/\/port-navyservice.com\/en\/wp-json\/wp\/v2\/pages\/4914\/revisions"}],"up":[{"embeddable":true,"href":"https:\/\/port-navyservice.com\/en\/wp-json\/wp\/v2\/pages\/2297"}],"wp:attachment":[{"href":"https:\/\/port-navyservice.com\/en\/wp-json\/wp\/v2\/media?parent=4914"}],"curies":[{"name":"WP","href":"https:\/\/api.w.org\/{rel}","templated":true}]}}