{"id":4912,"date":"2019-04-12T12:07:38","date_gmt":"2019-04-12T10:07:38","guid":{"rendered":"http:\/\/navy.ravendt.net\/?page_id=4912"},"modified":"2019-04-12T12:07:38","modified_gmt":"2019-04-12T10:07:38","slug":"reparation","status":"publish","type":"page","link":"https:\/\/port-navyservice.com\/en\/port-a-sec\/entreprises-port-sec\/reparation\/","title":{"rendered":"Polyester Repair"},"content":{"rendered":"<p>[vc_row css=\u00a0\u00bb.vc_custom_1528117288417{margin-bottom: 30px !important;}\u00a0\u00bb][vc_column][vc_column_text css=\u00a0\u00bb.vc_custom_1557147636822{margin-bottom: 24px !important;}\u00a0\u00bb]<\/p>\n<h1><span class=\"stm-base-color\">R\u00e9paration Polyester<\/span><\/h1>\n<p>[\/vc_column_text][\/vc_column][\/vc_row][vc_row css=\u00a0\u00bb.vc_custom_1528446153920{margin-bottom: 30px !important;}\u00a0\u00bb][vc_column width=\u00a0\u00bb1\/4&Prime;][vc_single_image image=\u00a0\u00bb6132&Prime; img_size=\u00a0\u00bbfull\u00a0\u00bb][\/vc_column][vc_column width=\u00a0\u00bb3\/4&Prime;][vc_column_text]<\/p>\n<h2>A.R.P.E.S<\/h2>\n<p style=\"text-align: justify;\">Forte de plus de 30 ans d\u2019exp\u00e9rience dans la construction \u2013 r\u00e9paration de catamarans et tout autres types de bateaux polyester, Magalye DENIS \u0153uvre au sein de Port Navy Service pour r\u00e9pondre aux demandes des plaisanciers et professionnels de la navigation.<\/p>\n<p style=\"text-align: justify;\">La stratification, le gel-coat, les reprises structurelles et les modifications sur plan d\u2019architecte n\u2019ont plus de secret pour elle et son \u00e9quipe.<\/p>\n<p><strong>Magalye DENIS<\/strong><br \/>\nTel. +33 (0)6.60.36.24.08<br \/>\nMail : <a href=\"mailto:denism5@hotmail.fr\">denism5@hotmail.fr<\/a>[\/vc_column_text][\/vc_column][\/vc_row]<\/p>\n","protected":false},"excerpt":{"rendered":"<p>[vc_row css=\u00a0\u00bb.vc_custom_1528117288417{margin-bottom: 30px !important;}\u00a0\u00bb][vc_column][vc_column_text css=\u00a0\u00bb.vc_custom_1557147636822{margin-bottom: 24px !important;}\u00a0\u00bb] R\u00e9paration Polyester [\/vc_column_text][\/vc_column][\/vc_row][vc_row  [&#8230;]<\/p>\n","protected":false},"author":6,"featured_media":0,"parent":2297,"menu_order":0,"comment_status":"closed","ping_status":"closed","template":"","meta":{"footnotes":""},"class_list":["post-4912","page","type-page","status-publish","hentry"],"acf":[],"_links":{"self":[{"href":"https:\/\/port-navyservice.com\/en\/wp-json\/wp\/v2\/pages\/4912","targetHints":{"allow":["GET"]}}],"collection":[{"href":"https:\/\/port-navyservice.com\/en\/wp-json\/wp\/v2\/pages"}],"about":[{"href":"https:\/\/port-navyservice.com\/en\/wp-json\/wp\/v2\/types\/page"}],"author":[{"embeddable":true,"href":"https:\/\/port-navyservice.com\/en\/wp-json\/wp\/v2\/users\/6"}],"replies":[{"embeddable":true,"href":"https:\/\/port-navyservice.com\/en\/wp-json\/wp\/v2\/comments?post=4912"}],"version-history":[{"count":0,"href":"https:\/\/port-navyservice.com\/en\/wp-json\/wp\/v2\/pages\/4912\/revisions"}],"up":[{"embeddable":true,"href":"https:\/\/port-navyservice.com\/en\/wp-json\/wp\/v2\/pages\/2297"}],"wp:attachment":[{"href":"https:\/\/port-navyservice.com\/en\/wp-json\/wp\/v2\/media?parent=4912"}],"curies":[{"name":"WP","href":"https:\/\/api.w.org\/{rel}","templated":true}]}}