{"id":4910,"date":"2019-04-12T12:05:38","date_gmt":"2019-04-12T10:05:38","guid":{"rendered":"http:\/\/navy.ravendt.net\/?page_id=4910"},"modified":"2019-04-12T12:05:38","modified_gmt":"2019-04-12T10:05:38","slug":"greement","status":"publish","type":"page","link":"https:\/\/port-navyservice.com\/en\/port-a-sec\/entreprises-port-sec\/greement\/","title":{"rendered":"Rigging and sailmaker"},"content":{"rendered":"<p>[vc_row css=\u00a0\u00bb.vc_custom_1528117288417{margin-bottom: 30px !important;}\u00a0\u00bb][vc_column][vc_column_text css=\u00a0\u00bb.vc_custom_1606751842823{margin-bottom: 24px !important;}\u00a0\u00bb]<\/p>\n<h1><span class=\"stm-base-color\">Gr\u00e9ement et Voilerie<\/span><\/h1>\n<p>[\/vc_column_text][vc_row_inner][vc_column_inner width=\u00a0\u00bb1\/4&Prime;][vc_single_image image=\u00a0\u00bb84158&Prime; img_size=\u00a0\u00bbfull\u00a0\u00bb][\/vc_column_inner][vc_column_inner width=\u00a0\u00bb3\/4&Prime;][vc_column_text]<strong>PSL Gr\u00e9ement Delta Voiles Port Saint Louis du Rh\u00f4ne<\/strong><\/p>\n<p>Depuis sa cr\u00e9ation en 2009 PSL Gr\u00e9ement Delta Voiles a \u00e9volu\u00e9 pour devenir une entreprise familiale et vous proposer le meilleur du gr\u00e9ement et de la voilerie. Au sein de notre atelier et disposant d\u2019un plancher, nous mettons tout en \u0153uvre pour r\u00e9aliser vos demandes et travaux en voilerie, gr\u00e9ement et sellerie. Vous pourrez \u00e9galement trouver au sein de notre magasin des articles d\u2019accastillage et des cordages.<\/p>\n<p><b>Hugo Verde\u00a0<\/b><\/p>\n<p>Tel. +33 (0)6.68.19.29.74<br \/>\nMail :\u00a0<a href=\"mailto:pslgreement@gmail.com\">pslgreement@gmail.com<\/a>[\/vc_column_text][\/vc_column_inner][\/vc_row_inner][\/vc_column][\/vc_row][vc_row css=\u00a0\u00bb.vc_custom_1528446153920{margin-bottom: 30px !important;}\u00a0\u00bb][vc_column][vc_column_text][\/vc_column_text][vc_custom_heading text=\u00a0\u00bbNos principales activit\u00e9s :\u00a0\u00bb font_container=\u00a0\u00bbtag:h4|text_align:left\u00a0\u00bb use_theme_fonts=\u00a0\u00bbyes\u00a0\u00bb css=\u00a0\u00bb.vc_custom_1555407748114{margin-bottom: 20px !important;}\u00a0\u00bb][vc_column_text]<\/p>\n<ul class=\"list-style-1\">\n<li>Voilerie Agent Delta Voiles<\/li>\n<li>Gr\u00e9ement Centre agr\u00e9\u00e9 Selden (m\u00e2ts, enrouleurs, gr\u00e9ement dormant\/courant, sertissage sur place jusqu\u2019\u00e0 <u>16mm<\/u>)<\/li>\n<li>Vente de capotes, biminis et lazy-bags<\/li>\n<li>Vente d\u2019accastillage de pont<\/li>\n<li>Vente de cordage<\/li>\n<li>Gardiennage de vos voiles dans notre atelier<\/li>\n<\/ul>\n<p>[\/vc_column_text][\/vc_column][\/vc_row]<\/p>\n","protected":false},"excerpt":{"rendered":"<p>[vc_row css=\u00a0\u00bb.vc_custom_1528117288417{margin-bottom: 30px !important;}\u00a0\u00bb][vc_column][vc_column_text css=\u00a0\u00bb.vc_custom_1606751842823{margin-bottom: 24px !important;}\u00a0\u00bb] Gr\u00e9ement et Voilerie  [&#8230;]<\/p>\n","protected":false},"author":6,"featured_media":0,"parent":2297,"menu_order":0,"comment_status":"closed","ping_status":"closed","template":"","meta":{"footnotes":""},"class_list":["post-4910","page","type-page","status-publish","hentry"],"acf":[],"_links":{"self":[{"href":"https:\/\/port-navyservice.com\/en\/wp-json\/wp\/v2\/pages\/4910","targetHints":{"allow":["GET"]}}],"collection":[{"href":"https:\/\/port-navyservice.com\/en\/wp-json\/wp\/v2\/pages"}],"about":[{"href":"https:\/\/port-navyservice.com\/en\/wp-json\/wp\/v2\/types\/page"}],"author":[{"embeddable":true,"href":"https:\/\/port-navyservice.com\/en\/wp-json\/wp\/v2\/users\/6"}],"replies":[{"embeddable":true,"href":"https:\/\/port-navyservice.com\/en\/wp-json\/wp\/v2\/comments?post=4910"}],"version-history":[{"count":0,"href":"https:\/\/port-navyservice.com\/en\/wp-json\/wp\/v2\/pages\/4910\/revisions"}],"up":[{"embeddable":true,"href":"https:\/\/port-navyservice.com\/en\/wp-json\/wp\/v2\/pages\/2297"}],"wp:attachment":[{"href":"https:\/\/port-navyservice.com\/en\/wp-json\/wp\/v2\/media?parent=4910"}],"curies":[{"name":"WP","href":"https:\/\/api.w.org\/{rel}","templated":true}]}}