{"id":4908,"date":"2019-04-12T11:59:08","date_gmt":"2019-04-12T09:59:08","guid":{"rendered":"http:\/\/navy.ravendt.net\/?page_id=4908"},"modified":"2019-04-12T11:59:08","modified_gmt":"2019-04-12T09:59:08","slug":"chantier-naval","status":"publish","type":"page","link":"https:\/\/port-navyservice.com\/en\/port-a-sec\/entreprises-port-sec\/chantier-naval\/","title":{"rendered":"shipyard"},"content":{"rendered":"<p>[vc_row css=\u00a0\u00bb.vc_custom_1558001420120{margin-top: 24px !important;}\u00a0\u00bb][vc_column width=\u00a0\u00bb1\/4&Prime;][vc_single_image image=\u00a0\u00bb7329&Prime; img_size=\u00a0\u00bbfull\u00a0\u00bb][\/vc_column][vc_column width=\u00a0\u00bb3\/4&Prime;][vc_column_text]<\/p>\n<h2>Global Nautic<\/h2>\n<p>Un Chantier Naval de haute qualit\u00e9 reconnue par les professionnels et les particuliers. Fond\u00e9 en 2011, Global Nautic occupe maintenant une \u00e9quipe de 11 techniciens qualifi\u00e9s et sp\u00e9cialis\u00e9s dans leur domaine d\u2019activit\u00e9.<\/p>\n<p>Leurs ateliers sp\u00e9cialis\u00e9s et \u00e9quip\u00e9s r\u00e9partis sur 1000 m2 permettent aux techniciens de donner le meilleur d\u2019eux-m\u00eames.<\/p>\n<p><strong>Professionnels :<\/strong> Vous b\u00e9n\u00e9ficierez d\u2019une exp\u00e9rience reconnue et d\u2019une localisation privil\u00e9gi\u00e9e pour la mise en service de bateaux neufs, les pr\u00e9parations au transport routier et pour la prise en charge de vos clients.<\/p>\n<p><strong>Particulier :<\/strong> B\u00e9n\u00e9ficiez d\u2019une exp\u00e9rience reconnue et de capacit\u00e9s humaines et technique pour prendre soin de votre bateau pendant vos absences et pour g\u00e9rer des r\u00e9parations ou des refit complexes.<\/p>\n<p><strong>R\u00e9gis WATTENBERGH<\/strong><br \/>\nTel. +33 (0)6.07.22.42.62<br \/>\nMail : <a href=\"mailto:contact@globalnautic.com\">contact@globalnautic.com<\/a>[\/vc_column_text][\/vc_column][\/vc_row]<\/p>\n","protected":false},"excerpt":{"rendered":"<p>[vc_row css=\u00a0\u00bb.vc_custom_1558001420120{margin-top: 24px !important;}\u00a0\u00bb][vc_column width=\u00a0\u00bb1\/4&Prime;][vc_single_image image=\u00a0\u00bb7329&Prime; img_size=\u00a0\u00bbfull\u00a0\u00bb][\/vc_column][vc_column width=\u00a0\u00bb3\/4&Prime;][vc_column_text] Global Nautic  [&#8230;]<\/p>\n","protected":false},"author":6,"featured_media":0,"parent":2297,"menu_order":0,"comment_status":"closed","ping_status":"closed","template":"","meta":{"footnotes":""},"class_list":["post-4908","page","type-page","status-publish","hentry"],"acf":[],"_links":{"self":[{"href":"https:\/\/port-navyservice.com\/en\/wp-json\/wp\/v2\/pages\/4908","targetHints":{"allow":["GET"]}}],"collection":[{"href":"https:\/\/port-navyservice.com\/en\/wp-json\/wp\/v2\/pages"}],"about":[{"href":"https:\/\/port-navyservice.com\/en\/wp-json\/wp\/v2\/types\/page"}],"author":[{"embeddable":true,"href":"https:\/\/port-navyservice.com\/en\/wp-json\/wp\/v2\/users\/6"}],"replies":[{"embeddable":true,"href":"https:\/\/port-navyservice.com\/en\/wp-json\/wp\/v2\/comments?post=4908"}],"version-history":[{"count":0,"href":"https:\/\/port-navyservice.com\/en\/wp-json\/wp\/v2\/pages\/4908\/revisions"}],"up":[{"embeddable":true,"href":"https:\/\/port-navyservice.com\/en\/wp-json\/wp\/v2\/pages\/2297"}],"wp:attachment":[{"href":"https:\/\/port-navyservice.com\/en\/wp-json\/wp\/v2\/media?parent=4908"}],"curies":[{"name":"WP","href":"https:\/\/api.w.org\/{rel}","templated":true}]}}