{"id":4906,"date":"2019-04-12T11:57:21","date_gmt":"2019-04-12T09:57:21","guid":{"rendered":"http:\/\/navy.ravendt.net\/?page_id=4906"},"modified":"2019-04-12T11:57:21","modified_gmt":"2019-04-12T09:57:21","slug":"atelier-mecanique","status":"publish","type":"page","link":"https:\/\/port-navyservice.com\/en\/port-a-sec\/entreprises-port-sec\/atelier-mecanique\/","title":{"rendered":"mechanical workshop"},"content":{"rendered":"<p>[vc_row css=\u00a0\u00bb.vc_custom_1528117288417{margin-bottom: 30px !important;}\u00a0\u00bb][vc_column][vc_column_text css=\u00a0\u00bb.vc_custom_1557147506532{margin-bottom: 24px !important;}\u00a0\u00bb]<\/p>\n<h1><span class=\"stm-base-color\">ATELIER MECANIQUE<\/span><\/h1>\n<p>[\/vc_column_text][\/vc_column][\/vc_row][vc_row css=\u00a0\u00bb.vc_custom_1528446153920{margin-bottom: 30px !important;}\u00a0\u00bb][vc_column][vc_row_inner][vc_column_inner width=\u00a0\u00bb1\/4&Prime;][vc_single_image image=\u00a0\u00bb6118&Prime; img_size=\u00a0\u00bbfull\u00a0\u00bb][\/vc_column_inner][vc_column_inner width=\u00a0\u00bb3\/4&Prime;][vc_column_text]<\/p>\n<h2>Atelier Marine Services<\/h2>\n<p>Agent officiel Volvo Penta, Yanmar Marine et Suzuki sp\u00e9cialis\u00e9 dans la m\u00e9canique et l\u2019entretien des moteurs.<\/p>\n<p>Tous les techniciens d\u2019Atelier Marine Services sont qualifi\u00e9s et suivent des formations annuelles afin de toujours proposer des services de qualit\u00e9s \u00e0 leurs clients.<\/p>\n<p><strong>Christophe ORTIN<\/strong><br \/>\nTel. +33 (0)6.84.89.46.99<br \/>\nMail :\u00a0<a href=\"mailto:marine-service@orange.fr\">marine-service@orange.fr<\/a>[\/vc_column_text][\/vc_column_inner][\/vc_row_inner][\/vc_column][\/vc_row][vc_row][vc_column width=\u00a0\u00bb1\/4&Prime;][vc_single_image image=\u00a0\u00bb6120&Prime; img_size=\u00a0\u00bbfull\u00a0\u00bb][\/vc_column][vc_column width=\u00a0\u00bb3\/4&Prime;][vc_column_text]<\/p>\n<h2>G\u00e9rald Nautiques Services<\/h2>\n<p>G\u00e9rald vous propose ses services de m\u00e9canique navale.<br \/>\nIl pourra assurer la maintenance et la r\u00e9paration de vos moteurs.<\/p>\n<p><strong>G\u00e9rald CHABOT<\/strong><br \/>\nTel. +33 (0)6.74.11.72.10<br \/>\nMail : <a href=\"mailto:geraldmer@hotmail.fr\">geraldmer@hotmail.fr<\/a>[\/vc_column_text][\/vc_column][\/vc_row]<\/p>\n","protected":false},"excerpt":{"rendered":"<p>[vc_row css=\u00a0\u00bb.vc_custom_1528117288417{margin-bottom: 30px !important;}\u00a0\u00bb][vc_column][vc_column_text css=\u00a0\u00bb.vc_custom_1557147506532{margin-bottom: 24px !important;}\u00a0\u00bb] ATELIER MECANIQUE [\/vc_column_text][\/vc_column][\/vc_row][vc_row  [&#8230;]<\/p>\n","protected":false},"author":6,"featured_media":0,"parent":2297,"menu_order":0,"comment_status":"closed","ping_status":"closed","template":"","meta":{"footnotes":""},"class_list":["post-4906","page","type-page","status-publish","hentry"],"acf":[],"_links":{"self":[{"href":"https:\/\/port-navyservice.com\/en\/wp-json\/wp\/v2\/pages\/4906","targetHints":{"allow":["GET"]}}],"collection":[{"href":"https:\/\/port-navyservice.com\/en\/wp-json\/wp\/v2\/pages"}],"about":[{"href":"https:\/\/port-navyservice.com\/en\/wp-json\/wp\/v2\/types\/page"}],"author":[{"embeddable":true,"href":"https:\/\/port-navyservice.com\/en\/wp-json\/wp\/v2\/users\/6"}],"replies":[{"embeddable":true,"href":"https:\/\/port-navyservice.com\/en\/wp-json\/wp\/v2\/comments?post=4906"}],"version-history":[{"count":0,"href":"https:\/\/port-navyservice.com\/en\/wp-json\/wp\/v2\/pages\/4906\/revisions"}],"up":[{"embeddable":true,"href":"https:\/\/port-navyservice.com\/en\/wp-json\/wp\/v2\/pages\/2297"}],"wp:attachment":[{"href":"https:\/\/port-navyservice.com\/en\/wp-json\/wp\/v2\/media?parent=4906"}],"curies":[{"name":"WP","href":"https:\/\/api.w.org\/{rel}","templated":true}]}}