{"id":4904,"date":"2019-04-12T11:53:59","date_gmt":"2019-04-12T09:53:59","guid":{"rendered":"http:\/\/navy.ravendt.net\/?page_id=4904"},"modified":"2019-04-12T11:53:59","modified_gmt":"2019-04-12T09:53:59","slug":"accastillage","status":"publish","type":"page","link":"https:\/\/port-navyservice.com\/en\/port-a-sec\/entreprises-port-sec\/accastillage\/","title":{"rendered":"hardware"},"content":{"rendered":"<p>[vc_row css=\u00a0\u00bb.vc_custom_1528117288417{margin-bottom: 30px !important;}\u00a0\u00bb][vc_column][vc_column_text css=\u00a0\u00bb.vc_custom_1557147452858{margin-bottom: 24px !important;}\u00a0\u00bb]<\/p>\n<h1><span class=\"stm-base-color\">ACCASTILLAGE<\/span><\/h1>\n<p>[\/vc_column_text][\/vc_column][\/vc_row][vc_row][vc_column width=\u00a0\u00bb1\/4&Prime;][vc_single_image image=\u00a0\u00bb2490&Prime; img_size=\u00a0\u00bbfull\u00a0\u00bb][\/vc_column][vc_column width=\u00a0\u00bb3\/4&Prime;][vc_column_text]<\/p>\n<h2>Accastillage Diffusion<\/h2>\n<p style=\"text-align: justify;\">Depuis 2014, votre magasin Accastillage diffusion de Port-Saint-Louis vous accueille et vous conseille sur tout l\u2019\u00e9quipement de votre bateau. Sur une surface de 130m 2 , Simon saura vous guider et vous conseiller pour choisir les meilleurs produits pour r\u00e9pondre \u00e0 vos besoins. Nous sommes aussi sp\u00e9cialis\u00e9s dans l\u2019\u00e9lectricit\u00e9 et l\u2019\u00e9lectronique \u00e0 bord. Nous sommes installeur agr\u00e9\u00e9 RAYMARINE et GARMIN et travaillons avec toutes les marques disponibles sur le march\u00e9.<\/p>\n<p style=\"text-align: justify;\">Vente et installation de tous mat\u00e9riels d\u2019accastillage. Electricit\u00e9. Electronique. Maintenance nautique.<\/p>\n<p><strong>Nicolas ESCANDE<\/strong><br \/>\nTel. +33 (0)6.89.80.96.35<br \/>\nMail : <a href=\"mailto:ad-psl@accastillage-diffusion.com\">ad-psl@accastillage-diffusion.com<\/a>[\/vc_column_text][\/vc_column][\/vc_row][vc_row css=\u00a0\u00bb.vc_custom_1528446153920{margin-bottom: 30px !important;}\u00a0\u00bb][vc_column][\/vc_column][\/vc_row]<\/p>\n","protected":false},"excerpt":{"rendered":"<p>[vc_row css=\u00a0\u00bb.vc_custom_1528117288417{margin-bottom: 30px !important;}\u00a0\u00bb][vc_column][vc_column_text css=\u00a0\u00bb.vc_custom_1557147452858{margin-bottom: 24px !important;}\u00a0\u00bb] ACCASTILLAGE [\/vc_column_text][\/vc_column][\/vc_row][vc_row][vc_column width=\u00a0\u00bb1\/4&Prime;][vc_single_image  [&#8230;]<\/p>\n","protected":false},"author":6,"featured_media":0,"parent":2297,"menu_order":0,"comment_status":"closed","ping_status":"closed","template":"","meta":{"footnotes":""},"class_list":["post-4904","page","type-page","status-publish","hentry"],"acf":[],"_links":{"self":[{"href":"https:\/\/port-navyservice.com\/en\/wp-json\/wp\/v2\/pages\/4904","targetHints":{"allow":["GET"]}}],"collection":[{"href":"https:\/\/port-navyservice.com\/en\/wp-json\/wp\/v2\/pages"}],"about":[{"href":"https:\/\/port-navyservice.com\/en\/wp-json\/wp\/v2\/types\/page"}],"author":[{"embeddable":true,"href":"https:\/\/port-navyservice.com\/en\/wp-json\/wp\/v2\/users\/6"}],"replies":[{"embeddable":true,"href":"https:\/\/port-navyservice.com\/en\/wp-json\/wp\/v2\/comments?post=4904"}],"version-history":[{"count":0,"href":"https:\/\/port-navyservice.com\/en\/wp-json\/wp\/v2\/pages\/4904\/revisions"}],"up":[{"embeddable":true,"href":"https:\/\/port-navyservice.com\/en\/wp-json\/wp\/v2\/pages\/2297"}],"wp:attachment":[{"href":"https:\/\/port-navyservice.com\/en\/wp-json\/wp\/v2\/media?parent=4904"}],"curies":[{"name":"WP","href":"https:\/\/api.w.org\/{rel}","templated":true}]}}