{"id":4857,"date":"2019-05-02T19:23:43","date_gmt":"2019-05-02T17:23:43","guid":{"rendered":"http:\/\/navy.ravendt.net\/?page_id=4857"},"modified":"2025-07-22T16:18:09","modified_gmt":"2025-07-22T14:18:09","slug":"port-propre","status":"publish","type":"page","link":"https:\/\/port-navyservice.com\/en\/port-a-sec\/port-propre\/","title":{"rendered":"ports own"},"content":{"rendered":"<p><div class=\"fusion-fullwidth fullwidth-box fusion-builder-row-1 fusion-flex-container has-pattern-background has-mask-background gradient-container-1 nonhundred-percent-fullwidth non-hundred-percent-height-scrolling\" style=\"--awb-border-radius-top-left:0px;--awb-border-radius-top-right:0px;--awb-border-radius-bottom-right:0px;--awb-border-radius-bottom-left:0px;--awb-padding-top:0px;--awb-padding-bottom:0px;--awb-padding-top-medium:80px;--awb-padding-bottom-medium:80px;--awb-padding-top-small:30px;--awb-padding-bottom-small:30px;--awb-margin-bottom:0px;--awb-min-height:300px;--awb-background-color:var(--awb-color5);--awb-flex-wrap:wrap;\" ><div class=\"fusion-builder-row fusion-row fusion-flex-align-items-center fusion-flex-align-content-center fusion-flex-content-wrap\" style=\"max-width:1256.6px;margin-left: calc(-3% \/ 2 );margin-right: calc(-3% \/ 2 );\"><div class=\"fusion-layout-column fusion_builder_column fusion-builder-column-0 fusion_builder_column_1_1 1_1 fusion-flex-column fusion-animated\" style=\"--awb-bg-size:cover;--awb-width-large:100%;--awb-spacing-right-large:1.455%;--awb-margin-bottom-large:0px;--awb-spacing-left-large:1.455%;--awb-width-medium:100%;--awb-spacing-right-medium:1.455%;--awb-spacing-left-medium:1.455%;--awb-width-small:100%;--awb-spacing-right-small:0%;--awb-spacing-left-small:0%;\" data-animationType=\"fadeInDown\" data-animationDuration=\"0.8\" data-animationOffset=\"top-into-view\"><div class=\"fusion-column-wrapper fusion-column-has-shadow fusion-flex-justify-content-flex-start fusion-content-layout-column\"><div class=\"fusion-title title fusion-title-1 fusion-sep-none fusion-title-center fusion-title-text fusion-title-size-one\" style=\"--awb-text-color:var(--awb-color1);--awb-margin-bottom:22px;--awb-margin-bottom-small:24px;\"><h1 class=\"fusion-title-heading title-heading-center fusion-responsive-typography-calculated\" style=\"font-family:&quot;RivieraNights-Light&quot;;font-style:normal;font-weight:400;margin:0;text-transform:uppercase;--fontSize:56;line-height:var(--awb-typography1-line-height);\">Votre port est engag\u00e9 dans la d\u00e9marche \u00ab<strong><span style=\"color: #3366ff;\">Ports<\/span> <span style=\"color: #33cccc;\">Propres<\/span><\/strong>\u00bb<\/h1><\/div><\/div><\/div><\/div><\/div><div class=\"fusion-fullwidth fullwidth-box fusion-builder-row-2 fusion-flex-container has-pattern-background has-mask-background gradient-container-2 nonhundred-percent-fullwidth non-hundred-percent-height-scrolling\" style=\"--awb-border-radius-top-left:0px;--awb-border-radius-top-right:0px;--awb-border-radius-bottom-right:0px;--awb-border-radius-bottom-left:0px;--awb-padding-top:8%;--awb-padding-right:6%;--awb-padding-bottom:8%;--awb-padding-left:6%;--awb-background-color:#f7f7f7;--awb-flex-wrap:wrap;\" ><div class=\"fusion-builder-row fusion-row fusion-flex-align-items-center fusion-flex-align-content-center fusion-flex-content-wrap\" style=\"max-width:1256.6px;margin-left: calc(-3% \/ 2 );margin-right: calc(-3% \/ 2 );\"><div class=\"fusion-layout-column fusion_builder_column fusion-builder-column-1 fusion_builder_column_1_1 1_1 fusion-flex-column fusion-flex-align-self-center\" style=\"--awb-bg-size:cover;--awb-width-large:100%;--awb-spacing-right-large:1.455%;--awb-margin-bottom-large:0px;--awb-spacing-left-large:1.455%;--awb-width-medium:100%;--awb-order-medium:0;--awb-spacing-right-medium:1.455%;--awb-spacing-left-medium:1.455%;--awb-width-small:100%;--awb-order-small:0;--awb-spacing-right-small:1.455%;--awb-spacing-left-small:1.455%;\"><div class=\"fusion-column-wrapper fusion-column-has-shadow fusion-flex-justify-content-center fusion-content-layout-column\"><div class=\"fusion-image-element \" style=\"text-align:center;--awb-margin-bottom:60px;--awb-max-width:250px;--awb-caption-title-font-family:var(--h2_typography-font-family);--awb-caption-title-font-weight:var(--h2_typography-font-weight);--awb-caption-title-font-style:var(--h2_typography-font-style);--awb-caption-title-size:var(--h2_typography-font-size);--awb-caption-title-transform:var(--h2_typography-text-transform);--awb-caption-title-line-height:var(--h2_typography-line-height);--awb-caption-title-letter-spacing:var(--h2_typography-letter-spacing);\"><span class=\" fusion-imageframe imageframe-none imageframe-1 hover-type-none\"><img decoding=\"async\" width=\"1496\" height=\"316\" alt=\"port propre 3\" title=\"port propre 3\" src=\"data:image\/svg+xml,%3Csvg%20xmlns%3D%27http%3A%2F%2Fwww.w3.org%2F2000%2Fsvg%27%20width%3D%271496%27%20height%3D%27316%27%20viewBox%3D%270%200%201496%20316%27%3E%3Crect%20width%3D%271496%27%20height%3D%27316%27%20fill-opacity%3D%220%22%2F%3E%3C%2Fsvg%3E\" data-orig-src=\"https:\/\/port-navyservice.com\/wp-content\/uploads\/2021\/12\/port-propre-3.png\" class=\"lazyload img-responsive wp-image-20662\"\/><\/span><\/div><div class=\"fusion-title title fusion-title-2 fusion-sep-none fusion-title-center fusion-title-scroll_reveal fusion-animate-once awb-title__scroll-reveal--color_change fusion-title-size-three\" style=\"--awb-text-color:var(--awb-color5);--awb-margin-bottom:25px;--awb-font-size:26px;\" data-scroll-reveal-effect=\"color_change\" data-scroll-reveal-above-fold=\"1\" data-scroll-reveal-basis=\"chars\" data-scroll-reveal-behavior=\"always\" data-scroll-reveal-duration=\"0.5\" data-scroll-reveal-stagger=\"0.2\" data-scroll-reveal-delay=\"0\" data-scroll-reveal-counter=\"2\"><h3 class=\"fusion-title-heading title-heading-center fusion-responsive-typography-calculated\" style=\"font-family:&quot;RivieraNights-Light&quot;;font-style:normal;font-weight:400;margin:0;font-size:1em;text-transform:uppercase;--fontSize:26;line-height:2;\"><span style=\"font-family: RivieraNights-Regular;\" data-fusion-font=\"true\"><b>Passionn\u00e9 de la mer et du nautisme, vous \u00eates sensibles \u00e0 l\u2019environnement.<\/b><\/span><\/h3><\/div><div class=\"fusion-title title fusion-title-3 fusion-sep-none fusion-title-center fusion-title-text fusion-title-size-four\" style=\"--awb-text-color:var(--awb-color5);--awb-margin-bottom:25px;--awb-font-size:24px;\"><h4 class=\"fusion-title-heading title-heading-center fusion-responsive-typography-calculated\" style=\"font-family:&quot;RivieraNights-Light&quot;;font-style:normal;font-weight:400;margin:0;font-size:1em;text-transform:none;--fontSize:24;line-height:2;\">D\u00e9couvrez les enjeux de la d\u00e9marche et les engagements de Port Navy Service pour le d\u00e9veloppement durable.<\/h4><\/div><\/div><\/div><\/div><\/div><div class=\"fusion-fullwidth fullwidth-box fusion-builder-row-3 fusion-flex-container gradient-container-3 hundred-percent-fullwidth non-hundred-percent-height-scrolling fusion-animated\" style=\"--awb-background-position:left top;--awb-border-sizes-top:0px;--awb-border-sizes-bottom:0px;--awb-border-sizes-left:0px;--awb-border-sizes-right:0px;--awb-border-radius-top-left:0px;--awb-border-radius-top-right:0px;--awb-border-radius-bottom-right:0px;--awb-border-radius-bottom-left:0px;--awb-padding-top:3%;--awb-padding-right:6%;--awb-padding-bottom:3%;--awb-padding-left:6%;--awb-flex-wrap:wrap;\" data-animationType=\"fadeIn\" data-animationDuration=\"1.3\" data-animationOffset=\"top-into-view\" ><div class=\"fusion-builder-row fusion-row fusion-flex-align-items-flex-start fusion-flex-content-wrap\" style=\"width:calc( 100% + 0px ) !important;max-width:calc( 100% + 0px ) !important;margin-left: calc(-0px \/ 2 );margin-right: calc(-0px \/ 2 );\"><div class=\"fusion-layout-column fusion_builder_column fusion-builder-column-2 fusion_builder_column_1_1 1_1 fusion-flex-column\" style=\"--awb-padding-top:5vw;--awb-padding-right:5vw;--awb-padding-bottom:5vw;--awb-padding-left:5vw;--awb-bg-color:hsla(var(--awb-color1-h),var(--awb-color1-s),var(--awb-color1-l),calc(var(--awb-color1-a) - 94%));--awb-bg-color-hover:hsla(var(--awb-color1-h),var(--awb-color1-s),var(--awb-color1-l),calc(var(--awb-color1-a) - 94%));--awb-bg-blend:overlay;--awb-bg-size:cover;--awb-width-large:100%;--awb-spacing-right-large:0px;--awb-margin-bottom-large:0px;--awb-spacing-left-large:0px;--awb-width-medium:50%;--awb-spacing-right-medium:0px;--awb-spacing-left-medium:0px;--awb-width-small:100%;--awb-spacing-right-small:0px;--awb-spacing-left-small:0px;\"><div class=\"fusion-column-wrapper fusion-flex-justify-content-center fusion-content-layout-column\"><div class=\"fusion-title title fusion-title-4 fusion-sep-none fusion-title-text fusion-title-size-two\" style=\"--awb-text-color:#002568;--awb-font-size:22px;\"><h2 class=\"fusion-title-heading title-heading-left fusion-responsive-typography-calculated\" style=\"font-family:&quot;RivieraNights-Medium&quot;;font-style:normal;font-weight:400;margin:0;font-size:1em;text-transform:uppercase;--fontSize:22;line-height:1.7;\">Le constat initial concernant la gestion portuaire<\/h2><\/div><div class=\"fusion-text fusion-text-1 fusion-text-no-margin\" style=\"--awb-font-size:18px;--awb-margin-bottom:35px;--awb-text-font-family:&quot;RivieraNights-Light&quot;;--awb-text-font-style:normal;--awb-text-font-weight:400;\"><p><span style=\"font-family: 'Open Sans'; font-weight: 400;\" data-fusion-font=\"true\" data-fusion-google-font=\"Open Sans\" data-fusion-google-variant=\"400\">La flotte de plaisance en Provence Alpes C\u00f4te d\u2019Azur repr\u00e9sente pr\u00e8s de 30% de la flotte nationale des plaisanciers qui visitent les sites naturels ou stationnent dans les ports. Cette activit\u00e9 a \u00e9videmment des cons\u00e9quences sur le milieu et sur la qualit\u00e9 des eaux, tant dans les ports qu\u2019aux alentours. D\u00e9chets toxiques (piles, batteries, huiles de vidange, solvants\u2026) et effluents (eaux de car\u00e9nage, eaux us\u00e9es, eaux pluviales) se d\u00e9versent parfois directement dans les ports. Devant ce constat alarmant, Port Navy Service a d\u00e9cid\u00e9 d\u2019adopter le r\u00e9f\u00e9rentiel commun et reconnu de la d\u00e9marche \u00ab <\/span><a style=\"font-family: 'Open Sans'; font-weight: 400;\" href=\"https:\/\/www.ports-propres.org\/\" target=\"_blank\" rel=\"noopener\" data-fusion-font=\"true\" data-fusion-google-font=\"Open Sans\" data-fusion-google-variant=\"400\">Ports Propres<\/a><span style=\"font-family: 'Open Sans'; font-weight: 400;\" data-fusion-font=\"true\" data-fusion-google-font=\"Open Sans\" data-fusion-google-variant=\"400\"> \u00bb<\/span><\/p>\n<\/div><\/div><\/div><\/div><\/div><div id=\"fusion-scroll-section-1\" class=\"fusion-scroll-section awb-swiper-full-sections\" data-section=\"1\" data-animation=\"slide\" data-speed=\"10\" ><div class=\"swiper-wrapper\"><div class=\" swiper-slide\" data-section=\"1\" data-element=\"1\" ><div class=\"fusion-fullwidth fullwidth-box fusion-builder-row-4 fusion-flex-container has-pattern-background has-mask-background gradient-container-4 hundred-percent-fullwidth hundred-percent-height hundred-percent-height-center-content hundred-percent-height-scrolling\" style=\"--awb-border-radius-top-left:0px;--awb-border-radius-top-right:0px;--awb-border-radius-bottom-right:0px;--awb-border-radius-bottom-left:0px;--awb-flex-wrap:wrap;\" ><div class=\"fusion-builder-row fusion-row fusion-flex-align-items-flex-start fusion-flex-content-wrap\" style=\"width:103% !important;max-width:103% !important;margin-left: calc(-3% \/ 2 );margin-right: calc(-3% \/ 2 );\"><div class=\"fusion-layout-column fusion_builder_column fusion-builder-column-3 fusion_builder_column_1_1 1_1 fusion-flex-column fusion-animated\" style=\"--awb-bg-position:left center;--awb-bg-size:cover;--awb-width-large:100%;--awb-spacing-right-large:1.455%;--awb-margin-bottom-large:0px;--awb-spacing-left-large:1.455%;--awb-width-medium:100%;--awb-order-medium:0;--awb-spacing-right-medium:1.455%;--awb-spacing-left-medium:1.455%;--awb-width-small:100%;--awb-order-small:0;--awb-spacing-right-small:1.455%;--awb-spacing-left-small:1.455%;\" data-animationType=\"fadeInLeft\" data-animationDuration=\"0.3\" data-animationOffset=\"top-into-view\" data-motion-effects=\"[{&quot;type&quot;:&quot;scroll&quot;,&quot;scroll_type&quot;:&quot;transition&quot;,&quot;scroll_direction&quot;:&quot;up&quot;,&quot;transition_speed&quot;:&quot;1&quot;,&quot;fade_type&quot;:&quot;in&quot;,&quot;scale_type&quot;:&quot;up&quot;,&quot;initial_scale&quot;:&quot;1&quot;,&quot;max_scale&quot;:&quot;1.5&quot;,&quot;min_scale&quot;:&quot;0.5&quot;,&quot;initial_rotate&quot;:&quot;0&quot;,&quot;end_rotate&quot;:&quot;30&quot;,&quot;initial_blur&quot;:&quot;0&quot;,&quot;end_blur&quot;:&quot;3&quot;,&quot;start_element&quot;:&quot;top&quot;,&quot;start_viewport&quot;:&quot;bottom&quot;,&quot;end_element&quot;:&quot;bottom&quot;,&quot;end_viewport&quot;:&quot;top&quot;,&quot;mouse_effect&quot;:&quot;track&quot;,&quot;mouse_effect_direction&quot;:&quot;opposite&quot;,&quot;mouse_effect_speed&quot;:&quot;2&quot;,&quot;infinite_animation&quot;:&quot;float&quot;,&quot;infinite_animation_speed&quot;:&quot;2&quot;}]\" data-scroll-devices=\"small-visibility,medium-visibility,large-visibility\"><div class=\"fusion-column-wrapper lazyload fusion-column-has-shadow fusion-flex-justify-content-flex-start fusion-content-layout-column fusion-empty-column-bg-image fusion-column-has-bg-image\" data-bg-url=\"https:\/\/port-navyservice.com\/wp-content\/uploads\/2023\/07\/04062019-mavic-bobby-photo-4-clean.png\" data-bg=\"https:\/\/port-navyservice.com\/wp-content\/uploads\/2023\/07\/04062019-mavic-bobby-photo-4-clean.png\"><img decoding=\"async\" class=\"fusion-empty-dims-img-placeholder\" aria-label=\"04062019-mavic-bobby-photo-4-clean\" src=\"data:image\/svg+xml,%3Csvg%20xmlns%3D%27http%3A%2F%2Fwww.w3.org%2F2000%2Fsvg%27%20width%3D%272048%27%20height%3D%27981%27%20viewBox%3D%270%200%202048%20981%27%3E%3Crect%20width%3D%272048%27%20height%3D%27981%27%20fill-opacity%3D%220%22%2F%3E%3C%2Fsvg%3E\"><\/div><\/div><\/div><\/div><\/div><\/div><nav id=\"fusion-scroll-section-nav-1\" class=\"fusion-scroll-section-nav scroll-navigation-right\" data-section=\"1\" ><ul><li><a href=\"#fusion-scroll-section-element-1-1\" class=\"fusion-scroll-section-link\" data-name=\"\" data-element=\"1\"><span class=\"fusion-scroll-section-link-bullet\"><\/span><\/a><\/li><\/ul><\/nav><\/div><div class=\"fusion-fullwidth fullwidth-box fusion-builder-row-5 fusion-flex-container has-pattern-background has-mask-background gradient-container-5 nonhundred-percent-fullwidth non-hundred-percent-height-scrolling\" style=\"--awb-border-radius-top-left:0px;--awb-border-radius-top-right:0px;--awb-border-radius-bottom-right:0px;--awb-border-radius-bottom-left:0px;--awb-flex-wrap:wrap;\" ><div class=\"fusion-builder-row fusion-row fusion-flex-align-items-flex-start fusion-flex-content-wrap\" style=\"max-width:calc( 1220px + 0px );margin-left: calc(-0px \/ 2 );margin-right: calc(-0px \/ 2 );\"><div class=\"fusion-layout-column fusion_builder_column fusion-builder-column-4 fusion_builder_column_1_1 1_1 fusion-flex-column fusion-column-inner-bg-wrapper\" style=\"--awb-padding-top:10%;--awb-padding-right:1%;--awb-padding-bottom:10%;--awb-padding-left:1%;--awb-inner-bg-color:rgba(247,247,247,0);--awb-inner-bg-color-hover:rgba(247,247,247,0);--awb-inner-bg-position:right top;--awb-inner-bg-size:cover;--awb-width-large:100%;--awb-spacing-right-large:0px;--awb-margin-bottom-large:0px;--awb-spacing-left-large:;--awb-width-medium:50%;--awb-spacing-right-medium:0px;--awb-spacing-left-medium:;--awb-width-small:100%;--awb-spacing-right-small:0px;--awb-spacing-left-small:0px;\"><span class=\"fusion-column-inner-bg hover-type-zoomin\"><span class=\"fusion-column-anchor\"><span class=\"fusion-column-inner-bg-image\"><\/span><\/span><\/span><div class=\"fusion-column-wrapper fusion-flex-justify-content-center fusion-content-layout-column\"><div class=\"fusion-title title fusion-title-5 fusion-sep-none fusion-title-text fusion-title-size-two\" style=\"--awb-text-color:#002568;--awb-font-size:22px;\"><h2 class=\"fusion-title-heading title-heading-left fusion-responsive-typography-calculated\" style=\"font-family:&quot;RivieraNights-Medium&quot;;font-style:normal;font-weight:400;margin:0;font-size:1em;text-transform:uppercase;--fontSize:22;line-height:1.7;\">Nous sommes engag\u00e9s dans le d\u00e9veloppement durable !<\/h2><\/div><div class=\"fusion-text fusion-text-2 fusion-text-no-margin\" style=\"--awb-font-size:18px;--awb-margin-bottom:35px;--awb-text-font-family:&quot;RivieraNights-Light&quot;;--awb-text-font-style:normal;--awb-text-font-weight:400;\"><p style=\"font-family: 'Open Sans'; font-weight: 400;\" data-fusion-font=\"true\" data-fusion-google-font=\"Open Sans\" data-fusion-google-variant=\"400\">En 2018, Port Navy Service s\u2019est engag\u00e9e dans une politique RSE (Responsabilit\u00e9 Sociale des Entreprises) en se lan\u00e7ant dans une d\u00e9marche volontaire pour l\u2019acquisition de la Certification Europ\u00e9enne Port Propres. Elle traduit une intention forte de prendre des engagements concrets pour lutter en faveur de la pr\u00e9servation des milieux aquatiques et du d\u00e9veloppement durable des activit\u00e9s littorales et marines.<\/p>\n<p style=\"font-family: 'Open Sans'; font-weight: 400;\" data-fusion-font=\"true\" data-fusion-google-font=\"Open Sans\" data-fusion-google-variant=\"400\">La d\u00e9marche Ports Propres est LA solution pour assurer une gestion adapt\u00e9e de ces zones \u00e0 partir de m\u00e9thodes et d\u2019outils r\u00e9pondant aux enjeux environnementaux. Elle requiert notamment de faire contr\u00f4ler nos pratiques par un organisme tiers ind\u00e9pendant, selon un r\u00e9f\u00e9rentiel de 17 crit\u00e8res \u00e9tabli au niveau europ\u00e9en par l\u2019accord CWA 16987, Certification Europ\u00e9enne Ports Propres (Clean Harbor Guidelines). C\u2019est ainsi que nous avons concr\u00e9tis\u00e9 les engagements suivants :<\/p>\n<p><strong style=\"font-family: 'Open Sans'; font-weight: 400;\" data-fusion-font=\"true\" data-fusion-google-font=\"Open Sans\" data-fusion-google-variant=\"400\">NATURE :<\/strong> <a style=\"font-family: 'Open Sans'; font-weight: 400;\" href=\"https:\/\/www.port-navyservice.com\/port-sec\/carenage\/\" data-fusion-font=\"true\" data-fusion-google-font=\"Open Sans\" data-fusion-google-variant=\"400\">Aire de car\u00e9nage<\/a><span style=\"font-family: 'Open Sans'; font-weight: 400;\" data-fusion-font=\"true\" data-fusion-google-font=\"Open Sans\" data-fusion-google-variant=\"400\"> aux derni\u00e8res normes environnementales et tri s\u00e9lectif.<\/span><\/p>\n<p><strong style=\"font-family: 'Open Sans'; font-weight: 400;\" data-fusion-font=\"true\" data-fusion-google-font=\"Open Sans\" data-fusion-google-variant=\"400\">CARBONE &amp; INNOVATION :<\/strong><span style=\"font-family: 'Open Sans'; font-weight: 400;\" data-fusion-font=\"true\" data-fusion-google-font=\"Open Sans\" data-fusion-google-variant=\"400\"> Un nouveau <\/span><u><span style=\"font-family: 'Open Sans'; font-weight: 400;\" data-fusion-font=\"true\" data-fusion-google-font=\"Open Sans\" data-fusion-google-variant=\"400\">Travellift de 120 tonnes \u00e9quip\u00e9 d\u2019un moteur Volvo TIER4<\/span><\/u><\/p>\n<p><strong style=\"font-family: 'Open Sans'; font-weight: 400;\" data-fusion-font=\"true\" data-fusion-google-font=\"Open Sans\" data-fusion-google-variant=\"400\">ECONOMIE D\u2019ENERGIE :<\/strong><span style=\"font-family: 'Open Sans'; font-weight: 400;\" data-fusion-font=\"true\" data-fusion-google-font=\"Open Sans\" data-fusion-google-variant=\"400\"> Une toiture photovolta\u00efque de 1 500 m2, Eclairage du parc avec des projecteurs \u00e0 LED.<\/span><\/p>\n<p><strong style=\"font-family: 'Open Sans'; font-weight: 400;\" data-fusion-font=\"true\" data-fusion-google-font=\"Open Sans\" data-fusion-google-variant=\"400\">ECO-RESPONSABLE :<\/strong><span style=\"font-family: 'Open Sans'; font-weight: 400;\" data-fusion-font=\"true\" data-fusion-google-font=\"Open Sans\" data-fusion-google-variant=\"400\"> Parce que l\u2019\u00e9cologie est l\u2019affaire de tous, transmission d\u2019informations aux plaisanciers pour limiter l\u2019impact environnemental (Gestion responsable des d\u00e9chets et consommation raisonn\u00e9e).<\/span><\/p>\n<\/div><\/div><\/div><\/div><\/div><\/p>\n","protected":false},"excerpt":{"rendered":"","protected":false},"author":6,"featured_media":0,"parent":370,"menu_order":0,"comment_status":"closed","ping_status":"closed","template":"100-width.php","meta":{"footnotes":""},"class_list":["post-4857","page","type-page","status-publish","hentry"],"acf":[],"_links":{"self":[{"href":"https:\/\/port-navyservice.com\/en\/wp-json\/wp\/v2\/pages\/4857","targetHints":{"allow":["GET"]}}],"collection":[{"href":"https:\/\/port-navyservice.com\/en\/wp-json\/wp\/v2\/pages"}],"about":[{"href":"https:\/\/port-navyservice.com\/en\/wp-json\/wp\/v2\/types\/page"}],"author":[{"embeddable":true,"href":"https:\/\/port-navyservice.com\/en\/wp-json\/wp\/v2\/users\/6"}],"replies":[{"embeddable":true,"href":"https:\/\/port-navyservice.com\/en\/wp-json\/wp\/v2\/comments?post=4857"}],"version-history":[{"count":0,"href":"https:\/\/port-navyservice.com\/en\/wp-json\/wp\/v2\/pages\/4857\/revisions"}],"up":[{"embeddable":true,"href":"https:\/\/port-navyservice.com\/en\/wp-json\/wp\/v2\/pages\/370"}],"wp:attachment":[{"href":"https:\/\/port-navyservice.com\/en\/wp-json\/wp\/v2\/media?parent=4857"}],"curies":[{"name":"WP","href":"https:\/\/api.w.org\/{rel}","templated":true}]}}