{"id":4847,"date":"2019-05-02T19:08:05","date_gmt":"2019-05-02T17:08:05","guid":{"rendered":"http:\/\/navy.ravendt.net\/?page_id=4847"},"modified":"2019-05-02T19:08:05","modified_gmt":"2019-05-02T17:08:05","slug":"le-groupe","status":"publish","type":"page","link":"https:\/\/port-navyservice.com\/en\/port-a-sec\/le-groupe\/","title":{"rendered":"the group"},"content":{"rendered":"<p>[vc_row][vc_column][vc_column_text css=\u00a0\u00bb.vc_custom_1566394986240{margin-bottom: 24px !important;}\u00a0\u00bb]<\/p>\n<h1>ES Industrie et h\u00f4tels, un solide patrimoine immobilier dans le nautisme et l\u2019h\u00f4tellerie<\/h1>\n<p>[\/vc_column_text][vc_column_text]Le groupe fran\u00e7ais ES INDUSTRIE ET HOTELS est sp\u00e9cialis\u00e9 dans l\u2019industrie du nautisme et l\u2019h\u00f4tellerie. Ce sont 65 personnes qui travaillent chaque jour pour les h\u00f4tels et le port \u00e0 sec.[\/vc_column_text][vc_column_text]<\/p>\n<h2>Trois h\u00f4tels pour vous accueillir \u00e0 Arles et Montpellier<\/h2>\n<p>[\/vc_column_text][vc_column_text]<\/p>\n<ul>\n<li><a href=\"https:\/\/www.hotelatrium.com\/\"><u>Best Western Atrium ***<\/u> <\/a>: 91 chambres \u00e0 Arles le BEST WESTERN H\u00f4tel Atrium 3* conjugue charme, calme et confort moderne.<br \/>\nL&rsquo;H\u00f4tel est id\u00e9alement situ\u00e9 au c\u0153ur de la ville d&rsquo;Arles pour vous accueillir lors de vos d\u00e9placements professionnels, s\u00e9minaires ou congr\u00e8s, mais aussi pour les voyageurs curieux de d\u00e9couvrir Arles, ville inscrite au patrimoine mondial de l\u2019Unesco depuis 1981. Profitez d\u2019un emplacement parfait pour visiter les ar\u00e8nes, les th\u00e9\u00e2tres et les nombreux mus\u00e9es de la petite Rome des Gaules, vous promener dans les rues pi\u00e9tonnes du centre historique d\u2019Arles ou encore partir \u00e0 la d\u00e9couverte de la Provence \/ Camargue.<\/li>\n<\/ul>\n<p>[\/vc_column_text][vc_media_grid element_width=\u00a0\u00bb3&Prime; grid_id=\u00a0\u00bbvc_gid:1568432720044-b3a553ce-a5ff-10&Prime; include=\u00a0\u00bb14310,14311,14312,14313&Prime;][vc_column_text]<\/p>\n<ul>\n<li><a href=\"https:\/\/www.hotelarlesplaza.com\/\"><u>Arles Plaza ****<\/u> <\/a>: 67 chambres \u00e0 Arles. Le Arles Plaza est un h\u00f4tel 4 \u00e9toiles moderne, situ\u00e9 \u00e0 deux pas du centre-ville d&rsquo;Arles avec une magnifique piscine int\u00e9rieur et un Spa.<br \/>\nArles, ville d\u2019Art et d\u2019histoire inscrite au patrimoine mondial de l\u2019Unesco depuis 1981, situ\u00e9e dans le sud de la France au c\u0153ur de la Provence et de la Camargue.<br \/>\nUne localisation adapt\u00e9e pour les voyageurs, les familles et les professionnels.<\/li>\n<\/ul>\n<p>[\/vc_column_text][vc_media_grid element_width=\u00a0\u00bb3&Prime; grid_id=\u00a0\u00bbvc_gid:1568432720046-9c946b54-46bc-2&Prime; include=\u00a0\u00bb5927,14314,14315,14316&Prime;][vc_column_text]<\/p>\n<ul>\n<li><a href=\"https:\/\/www.l-hotel-montpellier.com\/\"><u>Best Western Com\u00e9die Saint-Roch ***<\/u><\/a> : 69 chambres situ\u00e9 au c\u0153ur de la ville de Montpellier. Profitez d\u2019un h\u00f4tel enti\u00e8rement r\u00e9nov\u00e9 en 2017, id\u00e9alement situ\u00e9 face \u00e0 la gare de Montpellier Saint Roch, \u00e0 deux pas de la place de la Com\u00e9die, du mus\u00e9e Fabre de Montpellier et proche de tous les transports de la ville (bus, tramways, v\u00e9los).<br \/>\nS\u00e9journez dans notre h\u00f4tel pour vous rendre ais\u00e9ment aux \u00e9v\u00e8nements du Corum, de la Park &amp; Suites Ar\u00e9na et au Parc des Expositions<\/li>\n<\/ul>\n<p>[\/vc_column_text][vc_media_grid element_width=\u00a0\u00bb6&Prime; grid_id=\u00a0\u00bbvc_gid:1568432720047-a38161f4-68e4-9&Prime; include=\u00a0\u00bb5928,14317&Prime;][\/vc_column][\/vc_row][vc_row][vc_column][\/vc_column][\/vc_row][vc_row][vc_column][\/vc_column][\/vc_row]<\/p>\n","protected":false},"excerpt":{"rendered":"<p>[vc_row][vc_column][vc_column_text css=\u00a0\u00bb.vc_custom_1566394986240{margin-bottom: 24px !important;}\u00a0\u00bb] ES Industrie et h\u00f4tels, un solide  [&#8230;]<\/p>\n","protected":false},"author":6,"featured_media":0,"parent":370,"menu_order":0,"comment_status":"closed","ping_status":"closed","template":"","meta":{"footnotes":""},"class_list":["post-4847","page","type-page","status-publish","hentry"],"acf":[],"_links":{"self":[{"href":"https:\/\/port-navyservice.com\/en\/wp-json\/wp\/v2\/pages\/4847","targetHints":{"allow":["GET"]}}],"collection":[{"href":"https:\/\/port-navyservice.com\/en\/wp-json\/wp\/v2\/pages"}],"about":[{"href":"https:\/\/port-navyservice.com\/en\/wp-json\/wp\/v2\/types\/page"}],"author":[{"embeddable":true,"href":"https:\/\/port-navyservice.com\/en\/wp-json\/wp\/v2\/users\/6"}],"replies":[{"embeddable":true,"href":"https:\/\/port-navyservice.com\/en\/wp-json\/wp\/v2\/comments?post=4847"}],"version-history":[{"count":0,"href":"https:\/\/port-navyservice.com\/en\/wp-json\/wp\/v2\/pages\/4847\/revisions"}],"up":[{"embeddable":true,"href":"https:\/\/port-navyservice.com\/en\/wp-json\/wp\/v2\/pages\/370"}],"wp:attachment":[{"href":"https:\/\/port-navyservice.com\/en\/wp-json\/wp\/v2\/media?parent=4847"}],"curies":[{"name":"WP","href":"https:\/\/api.w.org\/{rel}","templated":true}]}}