{"id":20394,"date":"2021-01-13T06:48:21","date_gmt":"2021-01-13T05:48:21","guid":{"rendered":"https:\/\/navy.ravendt.net\/?page_id=20394"},"modified":"2021-01-13T06:48:21","modified_gmt":"2021-01-13T05:48:21","slug":"landing-1","status":"publish","type":"page","link":"https:\/\/port-navyservice.com\/en\/landing-1\/","title":{"rendered":"Landing 1"},"content":{"rendered":"<p>[vc_row css=\u00a0\u00bb.vc_custom_1610516737082{margin-bottom: 20px !important;}\u00a0\u00bb][vc_column][vc_column_text]<\/p>\n<h1 style=\"text-align: center; font-size: 40px; color: #002568 !important;\">R\u00e9servez votre place<\/h1>\n<h2 style=\"text-align: center; color: #002568 !important;\">Le Port \u00e0 sec NAVY SERVICE,<\/h2>\n<h2 style=\"text-align: center; color: #e40009 !important;\">la solution multiservices pour stationner votre bateau en mer m\u00e9diterran\u00e9e dans les meilleures conditions.<\/h2>\n<p>[\/vc_column_text][\/vc_column][\/vc_row][vc_row full_width=\u00a0\u00bbstretch_row_content\u00a0\u00bb gap=\u00a0\u00bb10&Prime; css=\u00a0\u00bb.vc_custom_1610670938470{padding-top: 1em !important;padding-right: 2em !important;padding-bottom: 1em !important;padding-left: 2em !important;}\u00a0\u00bb el_class=\u00a0\u00bblandingfullrow\u00a0\u00bb][vc_column width=\u00a0\u00bb1\/3&Prime; css=\u00a0\u00bb.vc_custom_1610665820367{margin-bottom: 20px !important;background-position: center !important;background-repeat: no-repeat !important;background-size: cover !important;}\u00a0\u00bb][vc_column_text el_class=\u00a0\u00bbl-titre-gauche\u00a0\u00bb]<\/p>\n<h3>Nos services :<\/h3>\n<p>[\/vc_column_text][vc_row_inner][vc_column_inner][vc_column_text el_class=\u00a0\u00bbcolorbluenavy\u00a0\u00bb]<\/p>\n<ul>\n<li><strong>Stationner votre bateau en toute s\u00e9curit\u00e9<\/strong> dans le <strong>plus grand port \u00e0 sec d\u2019Europe<\/strong>.<\/li>\n<li>B\u00e9n\u00e9ficiez de moyens puissants et modernes pour votre bateau : <strong>Travelift 120 et 50 tonnes<\/strong>, des <strong>remorques de 15 et 25 tonnes<\/strong> pour monocoques et multicoques, une <strong>grue t\u00e9lescopique<\/strong> pour des m\u00e2ts allant jusqu\u2019\u00e0 <strong>40 m\u00e8tres<\/strong>, une <strong>darse de 6.17 m\u00e8tres de large<\/strong> et une autre de <strong>8.15 m\u00e8tres en Mars 2021<\/strong>, une <strong>rampe<\/strong> de mise \u00e0 l\u2019eau de 10 m\u00e8tres de large avec un <strong>passage utile de 13 m\u00e8tres<\/strong>, un <strong>tirant d\u2019eau de 8 m\u00e8tres<\/strong>.<\/li>\n<li><strong>Aire de car\u00e9nage<\/strong> aux derni\u00e8res normes environnementales<\/li>\n<\/ul>\n<p><strong>Une \u00e9quipe qualifi\u00e9e \u00e0 votre \u00e9coute et \u00e0 votre service depuis plus de 30 ans.<\/strong><br \/>\n<strong>De nombreuses entreprises sont install\u00e9es dans l\u2019enceinte du port afin de vous offrir toutes les possibilit\u00e9s d\u2019entretien et de r\u00e9parations pour votre bateau.<\/strong>[\/vc_column_text][\/vc_column_inner][\/vc_row_inner][\/vc_column][vc_column width=\u00a0\u00bb1\/3&Prime; css=\u00a0\u00bb.vc_custom_1610668121030{margin-bottom: 20px !important;background-position: center !important;background-repeat: no-repeat !important;background-size: cover !important;}\u00a0\u00bb][vc_column_text el_class=\u00a0\u00bbl-titre-milieu\u00a0\u00bb]<\/p>\n<h3>O\u00f9 se situe votre port \u00e0 sec en m\u00e9diterran\u00e9e, Port Navy Service ?<\/h3>\n<p>[\/vc_column_text][vc_row_inner css=\u00a0\u00bb.vc_custom_1610671461516{margin-right: 0px !important;margin-left: 0px !important;background-image: url(https:\/\/navy.ravendt.net\/wp-content\/uploads\/2021\/01\/carte-situation-geographique-no-border.png?id=20416) !important;background-position: center !important;background-repeat: no-repeat !important;background-size: cover !important;}\u00a0\u00bb el_class=\u00a0\u00bbpad-0&Prime;][vc_column_inner][vc_video link=\u00a0\u00bbhttps:\/\/www.youtube.com\/embed\/c7nrwQahcwM\u00a0\u00bb el_aspect=\u00a0\u00bb43&Prime; align=\u00a0\u00bbcenter\u00a0\u00bb css=\u00a0\u00bb.vc_custom_1610671375668{background-position: center !important;background-repeat: no-repeat !important;background-size: cover !important;}\u00a0\u00bb el_class=\u00a0\u00bbcls-invisible\u00a0\u00bb][\/vc_column_inner][\/vc_row_inner][\/vc_column][vc_column width=\u00a0\u00bb1\/3&Prime; css=\u00a0\u00bb.vc_custom_1610665844642{margin-bottom: 20px !important;}\u00a0\u00bb][vc_column_text el_class=\u00a0\u00bbl-titre-droite\u00a0\u00bb]<\/p>\n<h3>Visite virtuelle :<\/h3>\n<p>[\/vc_column_text][vc_row_inner][vc_column_inner][vc_video link=\u00a0\u00bbhttps:\/\/www.youtube.com\/embed\/c7nrwQahcwM\u00a0\u00bb el_aspect=\u00a0\u00bb43&Prime; align=\u00a0\u00bbcenter\u00a0\u00bb][\/vc_column_inner][\/vc_row_inner][\/vc_column][\/vc_row][vc_row][vc_column width=\u00a0\u00bb1\/3&Prime;][vc_btn title=\u00a0\u00bbR\u00e9server\u00a0\u00bb style=\u00a0\u00bbflat\u00a0\u00bb shape=\u00a0\u00bbsquare\u00a0\u00bb color=\u00a0\u00bbviolet\u00a0\u00bb size=\u00a0\u00bblg\u00a0\u00bb align=\u00a0\u00bbcenter\u00a0\u00bb button_block=\u00a0\u00bbtrue\u00a0\u00bb link=\u00a0\u00bburl:%2Flanding1-effectuer-une-reservation%2F|||\u00a0\u00bb el_class=\u00a0\u00bbredbtn\u00a0\u00bb][\/vc_column][vc_column width=\u00a0\u00bb1\/3&Prime;][vc_column_text][grw place_photo=\u00a0\u00bbhttps:\/\/lh3.googleusercontent.com\/p\/AF1QipNAuvZfNc2lMx0X0Xnj6xwpWK1W_0fzQYXPMsI=s1600-w300-h300&Prime; place_name=\u00a0\u00bbPort Navy Service\u00a0\u00bb place_id=\u00a0\u00bbChIJSx97QP4VthIRfrbJHyD5SuA\u00a0\u00bb pagination=\u00a0\u00bb5&Prime; text_size=\u00a0\u00bb120&Prime; refresh_reviews=true hide_based_on=true hide_reviews=true lazy_load_img=true reduce_avatars_size=true open_link=true nofollow_link=true][\/vc_column_text][\/vc_column][vc_column width=\u00a0\u00bb1\/3&Prime;][vc_btn title=\u00a0\u00bbDemander un devis\u00a0\u00bb style=\u00a0\u00bbflat\u00a0\u00bb shape=\u00a0\u00bbsquare\u00a0\u00bb color=\u00a0\u00bbviolet\u00a0\u00bb size=\u00a0\u00bblg\u00a0\u00bb align=\u00a0\u00bbcenter\u00a0\u00bb button_block=\u00a0\u00bbtrue\u00a0\u00bb link=\u00a0\u00bburl:%2Flanding1-demander-un-devis%2F|||\u00a0\u00bb el_class=\u00a0\u00bbredbtn\u00a0\u00bb][\/vc_column][\/vc_row]<\/p>\n","protected":false},"excerpt":{"rendered":"<p>[vc_row css=\u00a0\u00bb.vc_custom_1610516737082{margin-bottom: 20px !important;}\u00a0\u00bb][vc_column][vc_column_text] R\u00e9servez votre place Le Port \u00e0  [&#8230;]<\/p>\n","protected":false},"author":6,"featured_media":6216,"parent":0,"menu_order":0,"comment_status":"closed","ping_status":"closed","template":"","meta":{"footnotes":""},"class_list":["post-20394","page","type-page","status-publish","has-post-thumbnail","hentry"],"acf":[],"_links":{"self":[{"href":"https:\/\/port-navyservice.com\/en\/wp-json\/wp\/v2\/pages\/20394","targetHints":{"allow":["GET"]}}],"collection":[{"href":"https:\/\/port-navyservice.com\/en\/wp-json\/wp\/v2\/pages"}],"about":[{"href":"https:\/\/port-navyservice.com\/en\/wp-json\/wp\/v2\/types\/page"}],"author":[{"embeddable":true,"href":"https:\/\/port-navyservice.com\/en\/wp-json\/wp\/v2\/users\/6"}],"replies":[{"embeddable":true,"href":"https:\/\/port-navyservice.com\/en\/wp-json\/wp\/v2\/comments?post=20394"}],"version-history":[{"count":0,"href":"https:\/\/port-navyservice.com\/en\/wp-json\/wp\/v2\/pages\/20394\/revisions"}],"wp:featuredmedia":[{"embeddable":true,"href":"https:\/\/port-navyservice.com\/en\/wp-json\/wp\/v2\/media\/6216"}],"wp:attachment":[{"href":"https:\/\/port-navyservice.com\/en\/wp-json\/wp\/v2\/media?parent=20394"}],"curies":[{"name":"WP","href":"https:\/\/api.w.org\/{rel}","templated":true}]}}